{"id":784,"date":"2025-03-24T16:16:50","date_gmt":"2025-03-24T15:16:50","guid":{"rendered":"https:\/\/www.fotoklubostrava.cz\/fo\/?page_id=784"},"modified":"2025-03-24T16:18:33","modified_gmt":"2025-03-24T15:18:33","slug":"martin-grygar","status":"publish","type":"page","link":"https:\/\/www.fotoklubostrava.cz\/fo\/clenove\/martin-grygar\/","title":{"rendered":"Martin Grygar"},"content":{"rendered":"\n<p>Nar. 1974<\/p>\n\n\n\n<div class=\"wp-block-columns is-layout-flex wp-container-core-columns-is-layout-28f84493 wp-block-columns-is-layout-flex\">\n<div class=\"wp-block-column is-layout-flow wp-block-column-is-layout-flow\" style=\"flex-basis:66.66%\">\n<p>K focen\u00ed jsem se dostal u\u017e jako mal\u00fd. Tat\u00ednek fotil, tak\u017ee se koupelna ob\u010das zm\u011bnila v temnou komoru a u toho jsem samoz\u0159ejm\u011b musel asistovat. Kdy\u017e si tat\u00ednek koupil nov\u00fd fo\u0165\u00e1k, star\u00fd jsem dostal a tak jsem za\u010dal zkou\u0161et fotit. Pak ale p\u0159i\u0161la st\u0159edn\u00ed \u0161kola a vojna a j\u00e1 s focen\u00edm p\u0159estal. Vr\u00e1til jsem se k n\u011bmu v roce 2008, kdy se za\u010dala \u0161\u00ed\u0159it digit\u00e1ln\u00ed fotografie.<br>Prvn\u00ed rady jak fotit a upravovat fotky jsem z\u00edskal z internetu. Dal\u0161\u00ed v\u00fdznamn\u00fd moment v m\u00e9m foto\u017eivot\u011b nastal v dubnu v roce 2010. To jsem se dozv\u011bd\u011bl, \u017ee v Ostrav\u011b funguje fotoklub Poruba, kter\u00fd se v\u011bnuje hlavn\u011b digit\u00e1ln\u00ed fotografii. Klub m\u011b p\u0159ijal. Zde jsem se o \u00faprav\u011b fotek v po\u010d\u00edta\u010di dozv\u011bd\u011bl nejv\u00edce. V\u011bt\u0161ina \u010dlen\u016f byli ji\u017e d\u016fchodci a klub bohu\u017eel v roce 2020 zanikl. Kdy\u017e jsem se stal \u010dlenem, byl jsem nejmlad\u0161\u00ed a \u010das nejde zastavit.<br>V dob\u011b, kdy jsem byl \u010dlenem fotoklubu Poruba, jsem se sezn\u00e1mil s n\u011bkolika \u010dleny fotoklubu Ostrava a v \u00fanoru 2024 jsem za\u010dal chodit na klubov\u00e9 sch\u016fzky.<br>Nejrad\u011bji fot\u00edm krajinu, ale ob\u010das zkus\u00edm i architekturu, nebo makro. Mezi m\u00e1 nejobl\u00edben\u011bj\u0161\u00ed m\u00edsta, kde chod\u00edm fotit, pat\u0159\u00ed Pood\u0159\u00ed, Beskydy a Vala\u0161sko. Pravideln\u011b pos\u00edl\u00e1m fotky na v\u00fdstavu \u201eRok v Pood\u0159\u00ed\u201c, kterou po\u0159\u00e1d\u00e1 Agentura ochrany p\u0159\u00edrody a krajiny \u010cR, region\u00e1ln\u00ed pracovi\u0161t\u011b Moravskoslezsk\u00e9.<\/p>\n<\/div>\n\n\n\n<div class=\"wp-block-column is-layout-flow wp-block-column-is-layout-flow\" style=\"flex-basis:33.33%\">\n<figure class=\"wp-block-image size-full\"><img loading=\"lazy\" decoding=\"async\" width=\"450\" height=\"600\" src=\"https:\/\/www.fotoklubostrava.cz\/fo\/wp-content\/uploads\/2025\/03\/moje-fotka-1.jpg\" alt=\"\" class=\"wp-image-795\" srcset=\"https:\/\/www.fotoklubostrava.cz\/fo\/wp-content\/uploads\/2025\/03\/moje-fotka-1.jpg 450w, https:\/\/www.fotoklubostrava.cz\/fo\/wp-content\/uploads\/2025\/03\/moje-fotka-1-225x300.jpg 225w\" sizes=\"auto, (max-width: 450px) 100vw, 450px\" \/><\/figure>\n<\/div>\n<\/div>\n\n\n\n<p>E-mail: <a href=\"mailto:chapr@post.cz\">chapr@post.cz<\/a><\/p>\n\n\n\n<figure class=\"wp-block-gallery has-nested-images columns-2 is-cropped wp-block-gallery-1 is-layout-flex wp-block-gallery-is-layout-flex\">\n<figure class=\"wp-block-image size-large\"><img loading=\"lazy\" decoding=\"async\" width=\"1024\" height=\"576\" data-id=\"787\" src=\"https:\/\/www.fotoklubostrava.cz\/fo\/wp-content\/uploads\/2025\/03\/Innogy-Ostrava-1024x576.jpg\" alt=\"\" class=\"wp-image-787\" srcset=\"https:\/\/www.fotoklubostrava.cz\/fo\/wp-content\/uploads\/2025\/03\/Innogy-Ostrava-1024x576.jpg 1024w, https:\/\/www.fotoklubostrava.cz\/fo\/wp-content\/uploads\/2025\/03\/Innogy-Ostrava-300x169.jpg 300w, https:\/\/www.fotoklubostrava.cz\/fo\/wp-content\/uploads\/2025\/03\/Innogy-Ostrava-768x432.jpg 768w, https:\/\/www.fotoklubostrava.cz\/fo\/wp-content\/uploads\/2025\/03\/Innogy-Ostrava.jpg 1300w\" sizes=\"auto, (max-width: 1024px) 100vw, 1024px\" \/><\/figure>\n\n\n\n<figure class=\"wp-block-image size-large\"><img loading=\"lazy\" decoding=\"async\" width=\"1024\" height=\"683\" data-id=\"791\" src=\"https:\/\/www.fotoklubostrava.cz\/fo\/wp-content\/uploads\/2025\/03\/Kdyz-vladne-mrazik-Poodri-1024x683.jpg\" alt=\"\" class=\"wp-image-791\" srcset=\"https:\/\/www.fotoklubostrava.cz\/fo\/wp-content\/uploads\/2025\/03\/Kdyz-vladne-mrazik-Poodri-1024x683.jpg 1024w, https:\/\/www.fotoklubostrava.cz\/fo\/wp-content\/uploads\/2025\/03\/Kdyz-vladne-mrazik-Poodri-300x200.jpg 300w, https:\/\/www.fotoklubostrava.cz\/fo\/wp-content\/uploads\/2025\/03\/Kdyz-vladne-mrazik-Poodri-768x512.jpg 768w, https:\/\/www.fotoklubostrava.cz\/fo\/wp-content\/uploads\/2025\/03\/Kdyz-vladne-mrazik-Poodri.jpg 1300w\" sizes=\"auto, (max-width: 1024px) 100vw, 1024px\" \/><\/figure>\n\n\n\n<figure class=\"wp-block-image size-large\"><img loading=\"lazy\" decoding=\"async\" width=\"1024\" height=\"576\" data-id=\"789\" src=\"https:\/\/www.fotoklubostrava.cz\/fo\/wp-content\/uploads\/2025\/03\/Podzim-v-Zadnich-horach-Beskydy-1024x576.jpg\" alt=\"\" class=\"wp-image-789\" srcset=\"https:\/\/www.fotoklubostrava.cz\/fo\/wp-content\/uploads\/2025\/03\/Podzim-v-Zadnich-horach-Beskydy-1024x576.jpg 1024w, https:\/\/www.fotoklubostrava.cz\/fo\/wp-content\/uploads\/2025\/03\/Podzim-v-Zadnich-horach-Beskydy-300x169.jpg 300w, https:\/\/www.fotoklubostrava.cz\/fo\/wp-content\/uploads\/2025\/03\/Podzim-v-Zadnich-horach-Beskydy-768x432.jpg 768w, https:\/\/www.fotoklubostrava.cz\/fo\/wp-content\/uploads\/2025\/03\/Podzim-v-Zadnich-horach-Beskydy.jpg 1300w\" sizes=\"auto, (max-width: 1024px) 100vw, 1024px\" \/><\/figure>\n\n\n\n<figure class=\"wp-block-image size-large\"><img loading=\"lazy\" decoding=\"async\" width=\"1024\" height=\"683\" data-id=\"793\" src=\"https:\/\/www.fotoklubostrava.cz\/fo\/wp-content\/uploads\/2025\/03\/PR-Zemska-brana-Orlicke-hory-1024x683.jpg\" alt=\"\" class=\"wp-image-793\" srcset=\"https:\/\/www.fotoklubostrava.cz\/fo\/wp-content\/uploads\/2025\/03\/PR-Zemska-brana-Orlicke-hory-1024x683.jpg 1024w, https:\/\/www.fotoklubostrava.cz\/fo\/wp-content\/uploads\/2025\/03\/PR-Zemska-brana-Orlicke-hory-300x200.jpg 300w, https:\/\/www.fotoklubostrava.cz\/fo\/wp-content\/uploads\/2025\/03\/PR-Zemska-brana-Orlicke-hory-768x512.jpg 768w, https:\/\/www.fotoklubostrava.cz\/fo\/wp-content\/uploads\/2025\/03\/PR-Zemska-brana-Orlicke-hory.jpg 1300w\" sizes=\"auto, (max-width: 1024px) 100vw, 1024px\" \/><\/figure>\n\n\n\n<figure class=\"wp-block-image size-large\"><img loading=\"lazy\" decoding=\"async\" width=\"1024\" height=\"683\" data-id=\"788\" src=\"https:\/\/www.fotoklubostrava.cz\/fo\/wp-content\/uploads\/2025\/03\/Stydliva-Odra-Poodri-1024x683.jpg\" alt=\"\" class=\"wp-image-788\" srcset=\"https:\/\/www.fotoklubostrava.cz\/fo\/wp-content\/uploads\/2025\/03\/Stydliva-Odra-Poodri-1024x683.jpg 1024w, https:\/\/www.fotoklubostrava.cz\/fo\/wp-content\/uploads\/2025\/03\/Stydliva-Odra-Poodri-300x200.jpg 300w, https:\/\/www.fotoklubostrava.cz\/fo\/wp-content\/uploads\/2025\/03\/Stydliva-Odra-Poodri-768x512.jpg 768w, https:\/\/www.fotoklubostrava.cz\/fo\/wp-content\/uploads\/2025\/03\/Stydliva-Odra-Poodri.jpg 1300w\" sizes=\"auto, (max-width: 1024px) 100vw, 1024px\" \/><\/figure>\n\n\n\n<figure class=\"wp-block-image size-large\"><img loading=\"lazy\" decoding=\"async\" width=\"1024\" height=\"576\" data-id=\"790\" src=\"https:\/\/www.fotoklubostrava.cz\/fo\/wp-content\/uploads\/2025\/03\/Svitani-u-Sitinoveho-rybniku-Poodri-1024x576.jpg\" alt=\"\" class=\"wp-image-790\" srcset=\"https:\/\/www.fotoklubostrava.cz\/fo\/wp-content\/uploads\/2025\/03\/Svitani-u-Sitinoveho-rybniku-Poodri-1024x576.jpg 1024w, https:\/\/www.fotoklubostrava.cz\/fo\/wp-content\/uploads\/2025\/03\/Svitani-u-Sitinoveho-rybniku-Poodri-300x169.jpg 300w, https:\/\/www.fotoklubostrava.cz\/fo\/wp-content\/uploads\/2025\/03\/Svitani-u-Sitinoveho-rybniku-Poodri-768x432.jpg 768w, https:\/\/www.fotoklubostrava.cz\/fo\/wp-content\/uploads\/2025\/03\/Svitani-u-Sitinoveho-rybniku-Poodri.jpg 1300w\" sizes=\"auto, (max-width: 1024px) 100vw, 1024px\" \/><\/figure>\n\n\n\n<figure class=\"wp-block-image size-large\"><img loading=\"lazy\" decoding=\"async\" width=\"1024\" height=\"683\" data-id=\"786\" src=\"https:\/\/www.fotoklubostrava.cz\/fo\/wp-content\/uploads\/2025\/03\/Tiche-rano-Poodri-1024x683.jpg\" alt=\"\" class=\"wp-image-786\" srcset=\"https:\/\/www.fotoklubostrava.cz\/fo\/wp-content\/uploads\/2025\/03\/Tiche-rano-Poodri-1024x683.jpg 1024w, https:\/\/www.fotoklubostrava.cz\/fo\/wp-content\/uploads\/2025\/03\/Tiche-rano-Poodri-300x200.jpg 300w, https:\/\/www.fotoklubostrava.cz\/fo\/wp-content\/uploads\/2025\/03\/Tiche-rano-Poodri-768x512.jpg 768w, https:\/\/www.fotoklubostrava.cz\/fo\/wp-content\/uploads\/2025\/03\/Tiche-rano-Poodri.jpg 1300w\" sizes=\"auto, (max-width: 1024px) 100vw, 1024px\" \/><\/figure>\n\n\n\n<figure class=\"wp-block-image size-large\"><img loading=\"lazy\" decoding=\"async\" width=\"1024\" height=\"1024\" data-id=\"792\" src=\"https:\/\/www.fotoklubostrava.cz\/fo\/wp-content\/uploads\/2025\/03\/Ztraceny-v-trave-Hlucinsko-1024x1024.jpg\" alt=\"\" class=\"wp-image-792\" srcset=\"https:\/\/www.fotoklubostrava.cz\/fo\/wp-content\/uploads\/2025\/03\/Ztraceny-v-trave-Hlucinsko-1024x1024.jpg 1024w, https:\/\/www.fotoklubostrava.cz\/fo\/wp-content\/uploads\/2025\/03\/Ztraceny-v-trave-Hlucinsko-300x300.jpg 300w, https:\/\/www.fotoklubostrava.cz\/fo\/wp-content\/uploads\/2025\/03\/Ztraceny-v-trave-Hlucinsko-150x150.jpg 150w, https:\/\/www.fotoklubostrava.cz\/fo\/wp-content\/uploads\/2025\/03\/Ztraceny-v-trave-Hlucinsko-768x768.jpg 768w, https:\/\/www.fotoklubostrava.cz\/fo\/wp-content\/uploads\/2025\/03\/Ztraceny-v-trave-Hlucinsko.jpg 1300w\" sizes=\"auto, (max-width: 1024px) 100vw, 1024px\" \/><\/figure>\n<\/figure>\n\n\n\n<p><\/p>\n","protected":false},"excerpt":{"rendered":"<p>Nar. 1974 K focen\u00ed jsem se dostal u\u017e jako mal\u00fd. Tat\u00ednek fotil, tak\u017ee se koupelna ob\u010das zm\u011bnila v temnou komoru a u toho jsem samoz\u0159ejm\u011b musel asistovat. Kdy\u017e si tat\u00ednek koupil nov\u00fd fo\u0165\u00e1k, star\u00fd jsem dostal a tak jsem za\u010dal zkou\u0161et fotit. Pak ale p\u0159i\u0161la st\u0159edn\u00ed \u0161kola a vojna a j\u00e1 s focen\u00edm p\u0159estal. Vr\u00e1til [&hellip;]<\/p>\n","protected":false},"author":1,"featured_media":0,"parent":18,"menu_order":0,"comment_status":"closed","ping_status":"closed","template":"","meta":{"footnotes":""},"class_list":["post-784","page","type-page","status-publish","hentry"],"_links":{"self":[{"href":"https:\/\/www.fotoklubostrava.cz\/fo\/wp-json\/wp\/v2\/pages\/784","targetHints":{"allow":["GET"]}}],"collection":[{"href":"https:\/\/www.fotoklubostrava.cz\/fo\/wp-json\/wp\/v2\/pages"}],"about":[{"href":"https:\/\/www.fotoklubostrava.cz\/fo\/wp-json\/wp\/v2\/types\/page"}],"author":[{"embeddable":true,"href":"https:\/\/www.fotoklubostrava.cz\/fo\/wp-json\/wp\/v2\/users\/1"}],"replies":[{"embeddable":true,"href":"https:\/\/www.fotoklubostrava.cz\/fo\/wp-json\/wp\/v2\/comments?post=784"}],"version-history":[{"count":2,"href":"https:\/\/www.fotoklubostrava.cz\/fo\/wp-json\/wp\/v2\/pages\/784\/revisions"}],"predecessor-version":[{"id":797,"href":"https:\/\/www.fotoklubostrava.cz\/fo\/wp-json\/wp\/v2\/pages\/784\/revisions\/797"}],"up":[{"embeddable":true,"href":"https:\/\/www.fotoklubostrava.cz\/fo\/wp-json\/wp\/v2\/pages\/18"}],"wp:attachment":[{"href":"https:\/\/www.fotoklubostrava.cz\/fo\/wp-json\/wp\/v2\/media?parent=784"}],"curies":[{"name":"wp","href":"https:\/\/api.w.org\/{rel}","templated":true}]}}