{"id":542,"date":"2024-01-18T21:04:28","date_gmt":"2024-01-18T20:04:28","guid":{"rendered":"https:\/\/www.fotoklubostrava.cz\/fo\/?page_id=542"},"modified":"2024-01-18T21:04:28","modified_gmt":"2024-01-18T20:04:28","slug":"dagmar-puchalkova","status":"publish","type":"page","link":"https:\/\/www.fotoklubostrava.cz\/fo\/clenove\/dagmar-puchalkova\/","title":{"rendered":"Dagmar Puch\u00e1lkov\u00e1"},"content":{"rendered":"\n<p>V\u00fdb\u011br fotografi\u00ed.<\/p>\n\n\n\n<figure class=\"wp-block-gallery has-nested-images columns-2 is-cropped wp-block-gallery-1 is-layout-flex wp-block-gallery-is-layout-flex\">\n<figure class=\"wp-block-image size-large\"><img loading=\"lazy\" decoding=\"async\" width=\"1024\" height=\"686\" data-id=\"546\" src=\"https:\/\/www.fotoklubostrava.cz\/fo\/wp-content\/uploads\/2024\/01\/1-1024x686.jpg\" alt=\"\" class=\"wp-image-546\" srcset=\"https:\/\/www.fotoklubostrava.cz\/fo\/wp-content\/uploads\/2024\/01\/1-1024x686.jpg 1024w, https:\/\/www.fotoklubostrava.cz\/fo\/wp-content\/uploads\/2024\/01\/1-300x201.jpg 300w, https:\/\/www.fotoklubostrava.cz\/fo\/wp-content\/uploads\/2024\/01\/1-768x514.jpg 768w, https:\/\/www.fotoklubostrava.cz\/fo\/wp-content\/uploads\/2024\/01\/1-1536x1028.jpg 1536w, https:\/\/www.fotoklubostrava.cz\/fo\/wp-content\/uploads\/2024\/01\/1-2048x1371.jpg 2048w\" sizes=\"auto, (max-width: 1024px) 100vw, 1024px\" \/><\/figure>\n\n\n\n<figure class=\"wp-block-image size-large\"><img loading=\"lazy\" decoding=\"async\" width=\"1024\" height=\"686\" data-id=\"547\" src=\"https:\/\/www.fotoklubostrava.cz\/fo\/wp-content\/uploads\/2024\/01\/2a-1024x686.jpg\" alt=\"\" class=\"wp-image-547\" srcset=\"https:\/\/www.fotoklubostrava.cz\/fo\/wp-content\/uploads\/2024\/01\/2a-1024x686.jpg 1024w, https:\/\/www.fotoklubostrava.cz\/fo\/wp-content\/uploads\/2024\/01\/2a-300x201.jpg 300w, https:\/\/www.fotoklubostrava.cz\/fo\/wp-content\/uploads\/2024\/01\/2a-768x514.jpg 768w, https:\/\/www.fotoklubostrava.cz\/fo\/wp-content\/uploads\/2024\/01\/2a-1536x1028.jpg 1536w, https:\/\/www.fotoklubostrava.cz\/fo\/wp-content\/uploads\/2024\/01\/2a-2048x1371.jpg 2048w\" sizes=\"auto, (max-width: 1024px) 100vw, 1024px\" \/><\/figure>\n\n\n\n<figure class=\"wp-block-image size-large\"><img loading=\"lazy\" decoding=\"async\" width=\"1024\" height=\"686\" data-id=\"545\" src=\"https:\/\/www.fotoklubostrava.cz\/fo\/wp-content\/uploads\/2024\/01\/3-1024x686.jpg\" alt=\"\" class=\"wp-image-545\" srcset=\"https:\/\/www.fotoklubostrava.cz\/fo\/wp-content\/uploads\/2024\/01\/3-1024x686.jpg 1024w, https:\/\/www.fotoklubostrava.cz\/fo\/wp-content\/uploads\/2024\/01\/3-300x201.jpg 300w, https:\/\/www.fotoklubostrava.cz\/fo\/wp-content\/uploads\/2024\/01\/3-768x514.jpg 768w, https:\/\/www.fotoklubostrava.cz\/fo\/wp-content\/uploads\/2024\/01\/3-1536x1028.jpg 1536w, https:\/\/www.fotoklubostrava.cz\/fo\/wp-content\/uploads\/2024\/01\/3-2048x1371.jpg 2048w\" sizes=\"auto, (max-width: 1024px) 100vw, 1024px\" \/><\/figure>\n\n\n\n<figure class=\"wp-block-image size-large\"><img loading=\"lazy\" decoding=\"async\" width=\"662\" height=\"1024\" data-id=\"544\" src=\"https:\/\/www.fotoklubostrava.cz\/fo\/wp-content\/uploads\/2024\/01\/Dagmar-Puchalkova-Akt-1abw-662x1024.jpg\" alt=\"\" class=\"wp-image-544\" srcset=\"https:\/\/www.fotoklubostrava.cz\/fo\/wp-content\/uploads\/2024\/01\/Dagmar-Puchalkova-Akt-1abw-662x1024.jpg 662w, https:\/\/www.fotoklubostrava.cz\/fo\/wp-content\/uploads\/2024\/01\/Dagmar-Puchalkova-Akt-1abw-194x300.jpg 194w, https:\/\/www.fotoklubostrava.cz\/fo\/wp-content\/uploads\/2024\/01\/Dagmar-Puchalkova-Akt-1abw-768x1187.jpg 768w, https:\/\/www.fotoklubostrava.cz\/fo\/wp-content\/uploads\/2024\/01\/Dagmar-Puchalkova-Akt-1abw-994x1536.jpg 994w, https:\/\/www.fotoklubostrava.cz\/fo\/wp-content\/uploads\/2024\/01\/Dagmar-Puchalkova-Akt-1abw-1325x2048.jpg 1325w, https:\/\/www.fotoklubostrava.cz\/fo\/wp-content\/uploads\/2024\/01\/Dagmar-Puchalkova-Akt-1abw.jpg 1423w\" sizes=\"auto, (max-width: 662px) 100vw, 662px\" \/><\/figure>\n\n\n\n<figure class=\"wp-block-image size-large\"><img loading=\"lazy\" decoding=\"async\" width=\"616\" height=\"1024\" data-id=\"543\" src=\"https:\/\/www.fotoklubostrava.cz\/fo\/wp-content\/uploads\/2024\/01\/Dagmar-Puchalkova-Akt-2bw-616x1024.jpg\" alt=\"\" class=\"wp-image-543\" srcset=\"https:\/\/www.fotoklubostrava.cz\/fo\/wp-content\/uploads\/2024\/01\/Dagmar-Puchalkova-Akt-2bw-616x1024.jpg 616w, https:\/\/www.fotoklubostrava.cz\/fo\/wp-content\/uploads\/2024\/01\/Dagmar-Puchalkova-Akt-2bw-180x300.jpg 180w, https:\/\/www.fotoklubostrava.cz\/fo\/wp-content\/uploads\/2024\/01\/Dagmar-Puchalkova-Akt-2bw-768x1277.jpg 768w, https:\/\/www.fotoklubostrava.cz\/fo\/wp-content\/uploads\/2024\/01\/Dagmar-Puchalkova-Akt-2bw-924x1536.jpg 924w, https:\/\/www.fotoklubostrava.cz\/fo\/wp-content\/uploads\/2024\/01\/Dagmar-Puchalkova-Akt-2bw-1232x2048.jpg 1232w, https:\/\/www.fotoklubostrava.cz\/fo\/wp-content\/uploads\/2024\/01\/Dagmar-Puchalkova-Akt-2bw.jpg 1323w\" sizes=\"auto, (max-width: 616px) 100vw, 616px\" \/><\/figure>\n\n\n\n<figure class=\"wp-block-image size-large\"><img loading=\"lazy\" decoding=\"async\" width=\"1024\" height=\"837\" data-id=\"548\" src=\"https:\/\/www.fotoklubostrava.cz\/fo\/wp-content\/uploads\/2024\/01\/IMG_7164-1024x837.jpg\" alt=\"\" class=\"wp-image-548\" srcset=\"https:\/\/www.fotoklubostrava.cz\/fo\/wp-content\/uploads\/2024\/01\/IMG_7164-1024x837.jpg 1024w, https:\/\/www.fotoklubostrava.cz\/fo\/wp-content\/uploads\/2024\/01\/IMG_7164-300x245.jpg 300w, https:\/\/www.fotoklubostrava.cz\/fo\/wp-content\/uploads\/2024\/01\/IMG_7164-768x628.jpg 768w, https:\/\/www.fotoklubostrava.cz\/fo\/wp-content\/uploads\/2024\/01\/IMG_7164-1536x1256.jpg 1536w, https:\/\/www.fotoklubostrava.cz\/fo\/wp-content\/uploads\/2024\/01\/IMG_7164-2048x1675.jpg 2048w\" sizes=\"auto, (max-width: 1024px) 100vw, 1024px\" \/><\/figure>\n<\/figure>\n","protected":false},"excerpt":{"rendered":"<p>V\u00fdb\u011br fotografi\u00ed.<\/p>\n","protected":false},"author":1,"featured_media":0,"parent":18,"menu_order":0,"comment_status":"closed","ping_status":"closed","template":"","meta":{"footnotes":""},"class_list":["post-542","page","type-page","status-publish","hentry"],"_links":{"self":[{"href":"https:\/\/www.fotoklubostrava.cz\/fo\/wp-json\/wp\/v2\/pages\/542","targetHints":{"allow":["GET"]}}],"collection":[{"href":"https:\/\/www.fotoklubostrava.cz\/fo\/wp-json\/wp\/v2\/pages"}],"about":[{"href":"https:\/\/www.fotoklubostrava.cz\/fo\/wp-json\/wp\/v2\/types\/page"}],"author":[{"embeddable":true,"href":"https:\/\/www.fotoklubostrava.cz\/fo\/wp-json\/wp\/v2\/users\/1"}],"replies":[{"embeddable":true,"href":"https:\/\/www.fotoklubostrava.cz\/fo\/wp-json\/wp\/v2\/comments?post=542"}],"version-history":[{"count":1,"href":"https:\/\/www.fotoklubostrava.cz\/fo\/wp-json\/wp\/v2\/pages\/542\/revisions"}],"predecessor-version":[{"id":549,"href":"https:\/\/www.fotoklubostrava.cz\/fo\/wp-json\/wp\/v2\/pages\/542\/revisions\/549"}],"up":[{"embeddable":true,"href":"https:\/\/www.fotoklubostrava.cz\/fo\/wp-json\/wp\/v2\/pages\/18"}],"wp:attachment":[{"href":"https:\/\/www.fotoklubostrava.cz\/fo\/wp-json\/wp\/v2\/media?parent=542"}],"curies":[{"name":"wp","href":"https:\/\/api.w.org\/{rel}","templated":true}]}}