{"id":379,"date":"2023-12-03T21:21:40","date_gmt":"2023-12-03T20:21:40","guid":{"rendered":"https:\/\/www.fotoklubostrava.cz\/fo\/?page_id=379"},"modified":"2023-12-03T21:24:26","modified_gmt":"2023-12-03T20:24:26","slug":"miroslav-pokorny","status":"publish","type":"page","link":"https:\/\/www.fotoklubostrava.cz\/fo\/clenove\/miroslav-pokorny\/","title":{"rendered":"Miroslav Pokorn\u00fd"},"content":{"rendered":"\n<div class=\"wp-block-columns is-layout-flex wp-container-core-columns-is-layout-28f84493 wp-block-columns-is-layout-flex\">\n<div class=\"wp-block-column is-layout-flow wp-block-column-is-layout-flow\" style=\"flex-basis:66.66%\">\n<p>Nar. 1941<\/p>\n\n\n\n<p>Fotografick\u00e1 technika i tvorba mne p\u0159itahovala od studentsk\u00fdch let. K systemati\u010dt\u011bj\u0161\u00edmu p\u0159\u00edstupu k fotografov\u00e1n\u00ed mne p\u0159ivedla a\u017e dcera, kter\u00e1 tento obor vystudovala na st\u0159edn\u00ed, pozd\u011bji vysok\u00e9 \u0161kole. Absolvoval jsem studium fotografie na Lidov\u00e9 konzervato\u0159i v Ostrav\u011b a vstoupil do \u0159ad \u010dlen\u016f Ostravsk\u00e9ho fotoklubu. M\u00fdm obl\u00edben\u00fdm t\u00e9matem se postupn\u011b stala \u010dernob\u00edl\u00e1 fotografie report\u00e1\u017en\u011b-dokument\u00e1rn\u00ed, \u010dasto se v\u011bnuji i tvorb\u011b abstraktn\u00ed. Po vyst\u0159\u00edd\u00e1n\u00ed n\u011bkolika typ\u016f nap\u0159ed filmov\u00fdch, potom digit\u00e1ln\u00edch fotoapar\u00e1t\u016f jsem z\u016fstal u techniky Panasonic a Canon. Digit\u00e1ln\u00ed technologie je p\u0159ednostn\u00ed, p\u0159ita\u017eliv\u00e1 ale pro mne z\u016fst\u00e1v\u00e1 i technika po\u0159izov\u00e1n\u00ed sn\u00edmk\u016f na mal\u00fd i st\u0159edn\u00ed form\u00e1t filmov\u00fd. Jako \u010dlen fotoklubu se \u00fa\u010dastn\u00edm spole\u010dn\u00fdch i autorsk\u00fdch fotografick\u00fdch v\u00fdstav.<\/p>\n<\/div>\n\n\n\n<div class=\"wp-block-column is-layout-flow wp-block-column-is-layout-flow\" style=\"flex-basis:33.33%\">\n<figure class=\"wp-block-image size-full\"><img loading=\"lazy\" decoding=\"async\" width=\"774\" height=\"1024\" src=\"https:\/\/www.fotoklubostrava.cz\/fo\/wp-content\/uploads\/2023\/12\/Pokorny_portret.jpg\" alt=\"\" class=\"wp-image-396\" srcset=\"https:\/\/www.fotoklubostrava.cz\/fo\/wp-content\/uploads\/2023\/12\/Pokorny_portret.jpg 774w, https:\/\/www.fotoklubostrava.cz\/fo\/wp-content\/uploads\/2023\/12\/Pokorny_portret-227x300.jpg 227w, https:\/\/www.fotoklubostrava.cz\/fo\/wp-content\/uploads\/2023\/12\/Pokorny_portret-768x1016.jpg 768w\" sizes=\"auto, (max-width: 774px) 100vw, 774px\" \/><\/figure>\n<\/div>\n<\/div>\n\n\n\n<p>V\u00fdber fotografii.<\/p>\n\n\n\n<figure class=\"wp-block-gallery has-nested-images columns-2 is-cropped wp-block-gallery-1 is-layout-flex wp-block-gallery-is-layout-flex\">\n<figure class=\"wp-block-image size-large\"><img loading=\"lazy\" decoding=\"async\" width=\"682\" height=\"1024\" data-id=\"383\" src=\"https:\/\/www.fotoklubostrava.cz\/fo\/wp-content\/uploads\/2023\/12\/Pokorny_1.jpg\" alt=\"\" class=\"wp-image-383\" srcset=\"https:\/\/www.fotoklubostrava.cz\/fo\/wp-content\/uploads\/2023\/12\/Pokorny_1.jpg 682w, https:\/\/www.fotoklubostrava.cz\/fo\/wp-content\/uploads\/2023\/12\/Pokorny_1-200x300.jpg 200w\" sizes=\"auto, (max-width: 682px) 100vw, 682px\" \/><\/figure>\n\n\n\n<figure class=\"wp-block-image size-large\"><img loading=\"lazy\" decoding=\"async\" width=\"696\" height=\"1024\" data-id=\"381\" src=\"https:\/\/www.fotoklubostrava.cz\/fo\/wp-content\/uploads\/2023\/12\/Pokorny_2.jpg\" alt=\"\" class=\"wp-image-381\" srcset=\"https:\/\/www.fotoklubostrava.cz\/fo\/wp-content\/uploads\/2023\/12\/Pokorny_2.jpg 696w, https:\/\/www.fotoklubostrava.cz\/fo\/wp-content\/uploads\/2023\/12\/Pokorny_2-204x300.jpg 204w\" sizes=\"auto, (max-width: 696px) 100vw, 696px\" \/><\/figure>\n\n\n\n<figure class=\"wp-block-image size-large\"><img loading=\"lazy\" decoding=\"async\" width=\"1024\" height=\"696\" data-id=\"386\" src=\"https:\/\/www.fotoklubostrava.cz\/fo\/wp-content\/uploads\/2023\/12\/Pokorny_3.jpg\" alt=\"\" class=\"wp-image-386\" srcset=\"https:\/\/www.fotoklubostrava.cz\/fo\/wp-content\/uploads\/2023\/12\/Pokorny_3.jpg 1024w, https:\/\/www.fotoklubostrava.cz\/fo\/wp-content\/uploads\/2023\/12\/Pokorny_3-300x204.jpg 300w, https:\/\/www.fotoklubostrava.cz\/fo\/wp-content\/uploads\/2023\/12\/Pokorny_3-768x522.jpg 768w\" sizes=\"auto, (max-width: 1024px) 100vw, 1024px\" \/><\/figure>\n\n\n\n<figure class=\"wp-block-image size-large\"><img loading=\"lazy\" decoding=\"async\" width=\"696\" height=\"1024\" data-id=\"388\" src=\"https:\/\/www.fotoklubostrava.cz\/fo\/wp-content\/uploads\/2023\/12\/Pokorny_4.jpg\" alt=\"\" class=\"wp-image-388\" srcset=\"https:\/\/www.fotoklubostrava.cz\/fo\/wp-content\/uploads\/2023\/12\/Pokorny_4.jpg 696w, https:\/\/www.fotoklubostrava.cz\/fo\/wp-content\/uploads\/2023\/12\/Pokorny_4-204x300.jpg 204w\" sizes=\"auto, (max-width: 696px) 100vw, 696px\" \/><\/figure>\n\n\n\n<figure class=\"wp-block-image size-large\"><img loading=\"lazy\" decoding=\"async\" width=\"696\" height=\"1024\" data-id=\"382\" src=\"https:\/\/www.fotoklubostrava.cz\/fo\/wp-content\/uploads\/2023\/12\/Pokorny_5.jpg\" alt=\"\" class=\"wp-image-382\" srcset=\"https:\/\/www.fotoklubostrava.cz\/fo\/wp-content\/uploads\/2023\/12\/Pokorny_5.jpg 696w, https:\/\/www.fotoklubostrava.cz\/fo\/wp-content\/uploads\/2023\/12\/Pokorny_5-204x300.jpg 204w\" sizes=\"auto, (max-width: 696px) 100vw, 696px\" \/><\/figure>\n\n\n\n<figure class=\"wp-block-image size-large\"><img loading=\"lazy\" decoding=\"async\" width=\"699\" height=\"1024\" data-id=\"392\" src=\"https:\/\/www.fotoklubostrava.cz\/fo\/wp-content\/uploads\/2023\/12\/Pokorny_6.jpg\" alt=\"\" class=\"wp-image-392\" srcset=\"https:\/\/www.fotoklubostrava.cz\/fo\/wp-content\/uploads\/2023\/12\/Pokorny_6.jpg 699w, https:\/\/www.fotoklubostrava.cz\/fo\/wp-content\/uploads\/2023\/12\/Pokorny_6-205x300.jpg 205w\" sizes=\"auto, (max-width: 699px) 100vw, 699px\" \/><\/figure>\n\n\n\n<figure class=\"wp-block-image size-large\"><img loading=\"lazy\" decoding=\"async\" width=\"1024\" height=\"696\" data-id=\"393\" src=\"https:\/\/www.fotoklubostrava.cz\/fo\/wp-content\/uploads\/2023\/12\/Pokorny_7.jpg\" alt=\"\" class=\"wp-image-393\" srcset=\"https:\/\/www.fotoklubostrava.cz\/fo\/wp-content\/uploads\/2023\/12\/Pokorny_7.jpg 1024w, https:\/\/www.fotoklubostrava.cz\/fo\/wp-content\/uploads\/2023\/12\/Pokorny_7-300x204.jpg 300w, https:\/\/www.fotoklubostrava.cz\/fo\/wp-content\/uploads\/2023\/12\/Pokorny_7-768x522.jpg 768w\" sizes=\"auto, (max-width: 1024px) 100vw, 1024px\" \/><\/figure>\n\n\n\n<figure class=\"wp-block-image size-large\"><img loading=\"lazy\" decoding=\"async\" width=\"696\" height=\"1024\" data-id=\"380\" src=\"https:\/\/www.fotoklubostrava.cz\/fo\/wp-content\/uploads\/2023\/12\/Pokorny_8.jpg\" alt=\"\" class=\"wp-image-380\" srcset=\"https:\/\/www.fotoklubostrava.cz\/fo\/wp-content\/uploads\/2023\/12\/Pokorny_8.jpg 696w, https:\/\/www.fotoklubostrava.cz\/fo\/wp-content\/uploads\/2023\/12\/Pokorny_8-204x300.jpg 204w\" sizes=\"auto, (max-width: 696px) 100vw, 696px\" \/><\/figure>\n\n\n\n<figure class=\"wp-block-image size-large\"><img loading=\"lazy\" decoding=\"async\" width=\"696\" height=\"1024\" data-id=\"385\" src=\"https:\/\/www.fotoklubostrava.cz\/fo\/wp-content\/uploads\/2023\/12\/Pokorny_9.jpg\" alt=\"\" class=\"wp-image-385\" srcset=\"https:\/\/www.fotoklubostrava.cz\/fo\/wp-content\/uploads\/2023\/12\/Pokorny_9.jpg 696w, https:\/\/www.fotoklubostrava.cz\/fo\/wp-content\/uploads\/2023\/12\/Pokorny_9-204x300.jpg 204w\" sizes=\"auto, (max-width: 696px) 100vw, 696px\" \/><\/figure>\n\n\n\n<figure class=\"wp-block-image size-large\"><img loading=\"lazy\" decoding=\"async\" width=\"1024\" height=\"696\" data-id=\"390\" src=\"https:\/\/www.fotoklubostrava.cz\/fo\/wp-content\/uploads\/2023\/12\/Pokorny_10.jpg\" alt=\"\" class=\"wp-image-390\" srcset=\"https:\/\/www.fotoklubostrava.cz\/fo\/wp-content\/uploads\/2023\/12\/Pokorny_10.jpg 1024w, https:\/\/www.fotoklubostrava.cz\/fo\/wp-content\/uploads\/2023\/12\/Pokorny_10-300x204.jpg 300w, https:\/\/www.fotoklubostrava.cz\/fo\/wp-content\/uploads\/2023\/12\/Pokorny_10-768x522.jpg 768w\" sizes=\"auto, (max-width: 1024px) 100vw, 1024px\" \/><\/figure>\n\n\n\n<figure class=\"wp-block-image size-large\"><img loading=\"lazy\" decoding=\"async\" width=\"614\" height=\"1024\" data-id=\"384\" src=\"https:\/\/www.fotoklubostrava.cz\/fo\/wp-content\/uploads\/2023\/12\/Pokorny_11.jpg\" alt=\"\" class=\"wp-image-384\" srcset=\"https:\/\/www.fotoklubostrava.cz\/fo\/wp-content\/uploads\/2023\/12\/Pokorny_11.jpg 614w, https:\/\/www.fotoklubostrava.cz\/fo\/wp-content\/uploads\/2023\/12\/Pokorny_11-180x300.jpg 180w\" sizes=\"auto, (max-width: 614px) 100vw, 614px\" \/><\/figure>\n\n\n\n<figure class=\"wp-block-image size-large\"><img loading=\"lazy\" decoding=\"async\" width=\"696\" height=\"1024\" data-id=\"389\" src=\"https:\/\/www.fotoklubostrava.cz\/fo\/wp-content\/uploads\/2023\/12\/Pokorny_12.jpg\" alt=\"\" class=\"wp-image-389\" srcset=\"https:\/\/www.fotoklubostrava.cz\/fo\/wp-content\/uploads\/2023\/12\/Pokorny_12.jpg 696w, https:\/\/www.fotoklubostrava.cz\/fo\/wp-content\/uploads\/2023\/12\/Pokorny_12-204x300.jpg 204w\" sizes=\"auto, (max-width: 696px) 100vw, 696px\" \/><\/figure>\n\n\n\n<figure class=\"wp-block-image size-large\"><img loading=\"lazy\" decoding=\"async\" width=\"696\" height=\"1024\" data-id=\"391\" src=\"https:\/\/www.fotoklubostrava.cz\/fo\/wp-content\/uploads\/2023\/12\/Pokorny_13.jpg\" alt=\"\" class=\"wp-image-391\" srcset=\"https:\/\/www.fotoklubostrava.cz\/fo\/wp-content\/uploads\/2023\/12\/Pokorny_13.jpg 696w, https:\/\/www.fotoklubostrava.cz\/fo\/wp-content\/uploads\/2023\/12\/Pokorny_13-204x300.jpg 204w\" sizes=\"auto, (max-width: 696px) 100vw, 696px\" \/><\/figure>\n\n\n\n<figure class=\"wp-block-image size-large\"><img loading=\"lazy\" decoding=\"async\" width=\"1024\" height=\"697\" data-id=\"387\" src=\"https:\/\/www.fotoklubostrava.cz\/fo\/wp-content\/uploads\/2023\/12\/Pokorny_14.jpg\" alt=\"\" class=\"wp-image-387\" srcset=\"https:\/\/www.fotoklubostrava.cz\/fo\/wp-content\/uploads\/2023\/12\/Pokorny_14.jpg 1024w, https:\/\/www.fotoklubostrava.cz\/fo\/wp-content\/uploads\/2023\/12\/Pokorny_14-300x204.jpg 300w, https:\/\/www.fotoklubostrava.cz\/fo\/wp-content\/uploads\/2023\/12\/Pokorny_14-768x523.jpg 768w\" sizes=\"auto, (max-width: 1024px) 100vw, 1024px\" \/><\/figure>\n<\/figure>\n","protected":false},"excerpt":{"rendered":"<p>Nar. 1941 Fotografick\u00e1 technika i tvorba mne p\u0159itahovala od studentsk\u00fdch let. K systemati\u010dt\u011bj\u0161\u00edmu p\u0159\u00edstupu k fotografov\u00e1n\u00ed mne p\u0159ivedla a\u017e dcera, kter\u00e1 tento obor vystudovala na st\u0159edn\u00ed, pozd\u011bji vysok\u00e9 \u0161kole. Absolvoval jsem studium fotografie na Lidov\u00e9 konzervato\u0159i v Ostrav\u011b a vstoupil do \u0159ad \u010dlen\u016f Ostravsk\u00e9ho fotoklubu. M\u00fdm obl\u00edben\u00fdm t\u00e9matem se postupn\u011b stala \u010dernob\u00edl\u00e1 fotografie report\u00e1\u017en\u011b-dokument\u00e1rn\u00ed, \u010dasto [&hellip;]<\/p>\n","protected":false},"author":1,"featured_media":0,"parent":18,"menu_order":0,"comment_status":"closed","ping_status":"closed","template":"","meta":{"footnotes":""},"class_list":["post-379","page","type-page","status-publish","hentry"],"_links":{"self":[{"href":"https:\/\/www.fotoklubostrava.cz\/fo\/wp-json\/wp\/v2\/pages\/379","targetHints":{"allow":["GET"]}}],"collection":[{"href":"https:\/\/www.fotoklubostrava.cz\/fo\/wp-json\/wp\/v2\/pages"}],"about":[{"href":"https:\/\/www.fotoklubostrava.cz\/fo\/wp-json\/wp\/v2\/types\/page"}],"author":[{"embeddable":true,"href":"https:\/\/www.fotoklubostrava.cz\/fo\/wp-json\/wp\/v2\/users\/1"}],"replies":[{"embeddable":true,"href":"https:\/\/www.fotoklubostrava.cz\/fo\/wp-json\/wp\/v2\/comments?post=379"}],"version-history":[{"count":2,"href":"https:\/\/www.fotoklubostrava.cz\/fo\/wp-json\/wp\/v2\/pages\/379\/revisions"}],"predecessor-version":[{"id":397,"href":"https:\/\/www.fotoklubostrava.cz\/fo\/wp-json\/wp\/v2\/pages\/379\/revisions\/397"}],"up":[{"embeddable":true,"href":"https:\/\/www.fotoklubostrava.cz\/fo\/wp-json\/wp\/v2\/pages\/18"}],"wp:attachment":[{"href":"https:\/\/www.fotoklubostrava.cz\/fo\/wp-json\/wp\/v2\/media?parent=379"}],"curies":[{"name":"wp","href":"https:\/\/api.w.org\/{rel}","templated":true}]}}