{"id":317,"date":"2023-11-06T16:20:29","date_gmt":"2023-11-06T15:20:29","guid":{"rendered":"https:\/\/www.fotoklubostrava.cz\/fo\/?page_id=317"},"modified":"2023-11-06T16:20:30","modified_gmt":"2023-11-06T15:20:30","slug":"milan-vicha","status":"publish","type":"page","link":"https:\/\/www.fotoklubostrava.cz\/fo\/clenove\/milan-vicha\/","title":{"rendered":"Milan V\u00edcha"},"content":{"rendered":"\n<p>V\u00fdb\u011br fotografi\u00ed.<\/p>\n\n\n\n<figure class=\"wp-block-gallery has-nested-images columns-default is-cropped wp-block-gallery-1 is-layout-flex wp-block-gallery-is-layout-flex\">\n<figure class=\"wp-block-image size-large\"><img loading=\"lazy\" decoding=\"async\" width=\"650\" height=\"433\" data-id=\"318\" src=\"https:\/\/www.fotoklubostrava.cz\/fo\/wp-content\/uploads\/2023\/11\/001-4.jpg\" alt=\"\" class=\"wp-image-318\" srcset=\"https:\/\/www.fotoklubostrava.cz\/fo\/wp-content\/uploads\/2023\/11\/001-4.jpg 650w, https:\/\/www.fotoklubostrava.cz\/fo\/wp-content\/uploads\/2023\/11\/001-4-300x200.jpg 300w\" sizes=\"auto, (max-width: 650px) 100vw, 650px\" \/><\/figure>\n<\/figure>\n","protected":false},"excerpt":{"rendered":"<p>V\u00fdb\u011br fotografi\u00ed.<\/p>\n","protected":false},"author":1,"featured_media":0,"parent":18,"menu_order":0,"comment_status":"closed","ping_status":"closed","template":"","meta":{"footnotes":""},"class_list":["post-317","page","type-page","status-publish","hentry"],"_links":{"self":[{"href":"https:\/\/www.fotoklubostrava.cz\/fo\/wp-json\/wp\/v2\/pages\/317","targetHints":{"allow":["GET"]}}],"collection":[{"href":"https:\/\/www.fotoklubostrava.cz\/fo\/wp-json\/wp\/v2\/pages"}],"about":[{"href":"https:\/\/www.fotoklubostrava.cz\/fo\/wp-json\/wp\/v2\/types\/page"}],"author":[{"embeddable":true,"href":"https:\/\/www.fotoklubostrava.cz\/fo\/wp-json\/wp\/v2\/users\/1"}],"replies":[{"embeddable":true,"href":"https:\/\/www.fotoklubostrava.cz\/fo\/wp-json\/wp\/v2\/comments?post=317"}],"version-history":[{"count":1,"href":"https:\/\/www.fotoklubostrava.cz\/fo\/wp-json\/wp\/v2\/pages\/317\/revisions"}],"predecessor-version":[{"id":319,"href":"https:\/\/www.fotoklubostrava.cz\/fo\/wp-json\/wp\/v2\/pages\/317\/revisions\/319"}],"up":[{"embeddable":true,"href":"https:\/\/www.fotoklubostrava.cz\/fo\/wp-json\/wp\/v2\/pages\/18"}],"wp:attachment":[{"href":"https:\/\/www.fotoklubostrava.cz\/fo\/wp-json\/wp\/v2\/media?parent=317"}],"curies":[{"name":"wp","href":"https:\/\/api.w.org\/{rel}","templated":true}]}}