{"id":31,"date":"2023-10-21T22:48:54","date_gmt":"2023-10-21T20:48:54","guid":{"rendered":"http:\/\/localhost\/fo\/?page_id=31"},"modified":"2024-04-15T22:25:58","modified_gmt":"2024-04-15T20:25:58","slug":"kontakt","status":"publish","type":"page","link":"https:\/\/www.fotoklubostrava.cz\/fo\/kontakt\/","title":{"rendered":"Kontakt"},"content":{"rendered":"\n<p>Chcete n\u00e1s kontaktovat?<\/p>\n\n\n\n<p>Pak nejl\u00e9pe po\u0161lete e-mail p\u0159\u00edmo p\u0159edsedkyni fotoklubu na jeji e-mailovou adresu.<\/p>\n\n\n\n<p>Iveta Mutinov\u00e1<\/p>\n\n\n\n<p>ivetamuti@gmail.com<\/p>\n","protected":false},"excerpt":{"rendered":"<p>Chcete n\u00e1s kontaktovat? Pak nejl\u00e9pe po\u0161lete e-mail p\u0159\u00edmo p\u0159edsedkyni fotoklubu na jeji e-mailovou adresu. Iveta Mutinov\u00e1 ivetamuti@gmail.com<\/p>\n","protected":false},"author":1,"featured_media":0,"parent":0,"menu_order":0,"comment_status":"closed","ping_status":"closed","template":"","meta":{"footnotes":""},"class_list":["post-31","page","type-page","status-publish","hentry"],"_links":{"self":[{"href":"https:\/\/www.fotoklubostrava.cz\/fo\/wp-json\/wp\/v2\/pages\/31","targetHints":{"allow":["GET"]}}],"collection":[{"href":"https:\/\/www.fotoklubostrava.cz\/fo\/wp-json\/wp\/v2\/pages"}],"about":[{"href":"https:\/\/www.fotoklubostrava.cz\/fo\/wp-json\/wp\/v2\/types\/page"}],"author":[{"embeddable":true,"href":"https:\/\/www.fotoklubostrava.cz\/fo\/wp-json\/wp\/v2\/users\/1"}],"replies":[{"embeddable":true,"href":"https:\/\/www.fotoklubostrava.cz\/fo\/wp-json\/wp\/v2\/comments?post=31"}],"version-history":[{"count":3,"href":"https:\/\/www.fotoklubostrava.cz\/fo\/wp-json\/wp\/v2\/pages\/31\/revisions"}],"predecessor-version":[{"id":566,"href":"https:\/\/www.fotoklubostrava.cz\/fo\/wp-json\/wp\/v2\/pages\/31\/revisions\/566"}],"wp:attachment":[{"href":"https:\/\/www.fotoklubostrava.cz\/fo\/wp-json\/wp\/v2\/media?parent=31"}],"curies":[{"name":"wp","href":"https:\/\/api.w.org\/{rel}","templated":true}]}}