{"id":303,"date":"2023-11-06T16:18:14","date_gmt":"2023-11-06T15:18:14","guid":{"rendered":"https:\/\/www.fotoklubostrava.cz\/fo\/?page_id=303"},"modified":"2023-11-06T16:18:14","modified_gmt":"2023-11-06T15:18:14","slug":"karel-studnicka","status":"publish","type":"page","link":"https:\/\/www.fotoklubostrava.cz\/fo\/clenove\/karel-studnicka\/","title":{"rendered":"Karel Studni\u010dka"},"content":{"rendered":"\n<p>Nar. 1983<\/p>\n\n\n\n<p>Fotoapar\u00e1ty ve mn\u011b vzbuzovaly zv\u011bdavost u\u017e v d\u011btstv\u00ed. K jejich pou\u017e\u00edv\u00e1n\u00ed jsem se ale dostal a\u017e mnohem pozd\u011bji, kdy\u017e jsem si ve dvaceti letech po\u0159\u00eddil digit\u00e1ln\u00ed kompakt. Fotil jsem j\u00edm v\u0161e, co mi p\u0159islo p\u0159ed objektiv, kde c\u00edlem ka\u017ed\u00e9ho focen\u00ed byl co nejvy\u0161\u0161\u00ed po\u010det fotografi\u00ed. S \u010dasem za\u010dala touha po kvalit\u011b vytla\u010dovat touhu po kvantit\u011b a j\u00e1 jsem se za\u010dal v\u00edce soust\u0159e\u010fovat na obsah i formu. Vyst\u0159\u00eddal jsem p\u0159itom n\u011bkolik dal\u0161\u00edch digit\u00e1ln\u00edch p\u0159\u00edstroj\u016f. Po letech jsem digit\u00e1l, u kter\u00e9ho jsem za\u010d\u00ednal, zcela opustil ve prosp\u011bch analogov\u00e9 \u010dernob\u00edl\u00e9 fotografie. L\u00e1ska ke svitku, pap\u00edru a chemii m\u011b dr\u017e\u00ed dodnes. Do fotografi\u00ed se sna\u017e\u00edm vkl\u00e1dat esteti\u010dno a vytv\u00e1\u0159et oku i mysli p\u0159\u00edjemn\u00fd vjem. R\u00e1d fot\u00edm ocel, soust\u0159e\u010fuji se na detaily a v\u00fdrazn\u00e9 odd\u011blen\u00ed od pozad\u00ed. L\u00e1k\u00e1 m\u011b t\u00e9\u017e focen\u00ed p\u0159\u00edrodn\u00edch scen\u00e9ri\u00ed a z\u00e1ti\u0161\u00ed.<\/p>\n\n\n\n<p><a href=\"mailto:karel.studnicka@gmail.cz\">karel.studnicka@gmail.cz<\/a><\/p>\n\n\n\n<figure class=\"wp-block-gallery has-nested-images columns-2 is-cropped wp-block-gallery-1 is-layout-flex wp-block-gallery-is-layout-flex\">\n<figure class=\"wp-block-image size-large\"><img loading=\"lazy\" decoding=\"async\" width=\"600\" height=\"429\" data-id=\"304\" src=\"https:\/\/www.fotoklubostrava.cz\/fo\/wp-content\/uploads\/2023\/11\/001-2.jpg\" alt=\"\" class=\"wp-image-304\" srcset=\"https:\/\/www.fotoklubostrava.cz\/fo\/wp-content\/uploads\/2023\/11\/001-2.jpg 600w, https:\/\/www.fotoklubostrava.cz\/fo\/wp-content\/uploads\/2023\/11\/001-2-300x215.jpg 300w\" sizes=\"auto, (max-width: 600px) 100vw, 600px\" \/><\/figure>\n\n\n\n<figure class=\"wp-block-image size-large\"><img loading=\"lazy\" decoding=\"async\" width=\"600\" height=\"451\" data-id=\"306\" src=\"https:\/\/www.fotoklubostrava.cz\/fo\/wp-content\/uploads\/2023\/11\/002-2.jpg\" alt=\"\" class=\"wp-image-306\" srcset=\"https:\/\/www.fotoklubostrava.cz\/fo\/wp-content\/uploads\/2023\/11\/002-2.jpg 600w, https:\/\/www.fotoklubostrava.cz\/fo\/wp-content\/uploads\/2023\/11\/002-2-300x226.jpg 300w\" sizes=\"auto, (max-width: 600px) 100vw, 600px\" \/><\/figure>\n\n\n\n<figure class=\"wp-block-image size-large\"><img loading=\"lazy\" decoding=\"async\" width=\"600\" height=\"427\" data-id=\"308\" src=\"https:\/\/www.fotoklubostrava.cz\/fo\/wp-content\/uploads\/2023\/11\/003-2.jpg\" alt=\"\" class=\"wp-image-308\" srcset=\"https:\/\/www.fotoklubostrava.cz\/fo\/wp-content\/uploads\/2023\/11\/003-2.jpg 600w, https:\/\/www.fotoklubostrava.cz\/fo\/wp-content\/uploads\/2023\/11\/003-2-300x214.jpg 300w\" sizes=\"auto, (max-width: 600px) 100vw, 600px\" \/><\/figure>\n\n\n\n<figure class=\"wp-block-image size-large\"><img loading=\"lazy\" decoding=\"async\" width=\"440\" height=\"600\" data-id=\"309\" src=\"https:\/\/www.fotoklubostrava.cz\/fo\/wp-content\/uploads\/2023\/11\/004-2.jpg\" alt=\"\" class=\"wp-image-309\" srcset=\"https:\/\/www.fotoklubostrava.cz\/fo\/wp-content\/uploads\/2023\/11\/004-2.jpg 440w, https:\/\/www.fotoklubostrava.cz\/fo\/wp-content\/uploads\/2023\/11\/004-2-220x300.jpg 220w\" sizes=\"auto, (max-width: 440px) 100vw, 440px\" \/><\/figure>\n\n\n\n<figure class=\"wp-block-image size-large\"><img loading=\"lazy\" decoding=\"async\" width=\"600\" height=\"452\" data-id=\"312\" src=\"https:\/\/www.fotoklubostrava.cz\/fo\/wp-content\/uploads\/2023\/11\/005-2.jpg\" alt=\"\" class=\"wp-image-312\" srcset=\"https:\/\/www.fotoklubostrava.cz\/fo\/wp-content\/uploads\/2023\/11\/005-2.jpg 600w, https:\/\/www.fotoklubostrava.cz\/fo\/wp-content\/uploads\/2023\/11\/005-2-300x226.jpg 300w\" sizes=\"auto, (max-width: 600px) 100vw, 600px\" \/><\/figure>\n\n\n\n<figure class=\"wp-block-image size-large\"><img loading=\"lazy\" decoding=\"async\" width=\"600\" height=\"450\" data-id=\"311\" src=\"https:\/\/www.fotoklubostrava.cz\/fo\/wp-content\/uploads\/2023\/11\/006-2.jpg\" alt=\"\" class=\"wp-image-311\" srcset=\"https:\/\/www.fotoklubostrava.cz\/fo\/wp-content\/uploads\/2023\/11\/006-2.jpg 600w, https:\/\/www.fotoklubostrava.cz\/fo\/wp-content\/uploads\/2023\/11\/006-2-300x225.jpg 300w\" sizes=\"auto, (max-width: 600px) 100vw, 600px\" \/><\/figure>\n\n\n\n<figure class=\"wp-block-image size-large\"><img loading=\"lazy\" decoding=\"async\" width=\"450\" height=\"600\" data-id=\"307\" src=\"https:\/\/www.fotoklubostrava.cz\/fo\/wp-content\/uploads\/2023\/11\/007-2.jpg\" alt=\"\" class=\"wp-image-307\" srcset=\"https:\/\/www.fotoklubostrava.cz\/fo\/wp-content\/uploads\/2023\/11\/007-2.jpg 450w, https:\/\/www.fotoklubostrava.cz\/fo\/wp-content\/uploads\/2023\/11\/007-2-225x300.jpg 225w\" sizes=\"auto, (max-width: 450px) 100vw, 450px\" \/><\/figure>\n\n\n\n<figure class=\"wp-block-image size-large\"><img loading=\"lazy\" decoding=\"async\" width=\"600\" height=\"426\" data-id=\"310\" src=\"https:\/\/www.fotoklubostrava.cz\/fo\/wp-content\/uploads\/2023\/11\/008-2.jpg\" alt=\"\" class=\"wp-image-310\" srcset=\"https:\/\/www.fotoklubostrava.cz\/fo\/wp-content\/uploads\/2023\/11\/008-2.jpg 600w, https:\/\/www.fotoklubostrava.cz\/fo\/wp-content\/uploads\/2023\/11\/008-2-300x213.jpg 300w\" sizes=\"auto, (max-width: 600px) 100vw, 600px\" \/><\/figure>\n\n\n\n<figure class=\"wp-block-image size-large\"><img loading=\"lazy\" decoding=\"async\" width=\"650\" height=\"295\" data-id=\"305\" src=\"https:\/\/www.fotoklubostrava.cz\/fo\/wp-content\/uploads\/2023\/11\/009-2.jpg\" alt=\"\" class=\"wp-image-305\" srcset=\"https:\/\/www.fotoklubostrava.cz\/fo\/wp-content\/uploads\/2023\/11\/009-2.jpg 650w, https:\/\/www.fotoklubostrava.cz\/fo\/wp-content\/uploads\/2023\/11\/009-2-300x136.jpg 300w\" sizes=\"auto, (max-width: 650px) 100vw, 650px\" \/><\/figure>\n<\/figure>\n","protected":false},"excerpt":{"rendered":"<p>Nar. 1983 Fotoapar\u00e1ty ve mn\u011b vzbuzovaly zv\u011bdavost u\u017e v d\u011btstv\u00ed. K jejich pou\u017e\u00edv\u00e1n\u00ed jsem se ale dostal a\u017e mnohem pozd\u011bji, kdy\u017e jsem si ve dvaceti letech po\u0159\u00eddil digit\u00e1ln\u00ed kompakt. Fotil jsem j\u00edm v\u0161e, co mi p\u0159islo p\u0159ed objektiv, kde c\u00edlem ka\u017ed\u00e9ho focen\u00ed byl co nejvy\u0161\u0161\u00ed po\u010det fotografi\u00ed. S \u010dasem za\u010dala touha po kvalit\u011b vytla\u010dovat touhu [&hellip;]<\/p>\n","protected":false},"author":1,"featured_media":0,"parent":18,"menu_order":0,"comment_status":"closed","ping_status":"closed","template":"","meta":{"footnotes":""},"class_list":["post-303","page","type-page","status-publish","hentry"],"_links":{"self":[{"href":"https:\/\/www.fotoklubostrava.cz\/fo\/wp-json\/wp\/v2\/pages\/303","targetHints":{"allow":["GET"]}}],"collection":[{"href":"https:\/\/www.fotoklubostrava.cz\/fo\/wp-json\/wp\/v2\/pages"}],"about":[{"href":"https:\/\/www.fotoklubostrava.cz\/fo\/wp-json\/wp\/v2\/types\/page"}],"author":[{"embeddable":true,"href":"https:\/\/www.fotoklubostrava.cz\/fo\/wp-json\/wp\/v2\/users\/1"}],"replies":[{"embeddable":true,"href":"https:\/\/www.fotoklubostrava.cz\/fo\/wp-json\/wp\/v2\/comments?post=303"}],"version-history":[{"count":1,"href":"https:\/\/www.fotoklubostrava.cz\/fo\/wp-json\/wp\/v2\/pages\/303\/revisions"}],"predecessor-version":[{"id":313,"href":"https:\/\/www.fotoklubostrava.cz\/fo\/wp-json\/wp\/v2\/pages\/303\/revisions\/313"}],"up":[{"embeddable":true,"href":"https:\/\/www.fotoklubostrava.cz\/fo\/wp-json\/wp\/v2\/pages\/18"}],"wp:attachment":[{"href":"https:\/\/www.fotoklubostrava.cz\/fo\/wp-json\/wp\/v2\/media?parent=303"}],"curies":[{"name":"wp","href":"https:\/\/api.w.org\/{rel}","templated":true}]}}