{"id":292,"date":"2023-11-06T16:16:40","date_gmt":"2023-11-06T15:16:40","guid":{"rendered":"https:\/\/www.fotoklubostrava.cz\/fo\/?page_id=292"},"modified":"2025-03-26T18:00:45","modified_gmt":"2025-03-26T17:00:45","slug":"jaroslav-celuch","status":"publish","type":"page","link":"https:\/\/www.fotoklubostrava.cz\/fo\/clenove\/jaroslav-celuch\/","title":{"rendered":"Jaroslav Celuch"},"content":{"rendered":"\n<p><em>(zakl\u00e1daj\u00edc\u00ed \u010dlen Fotoklubu Ostrava)<\/em><\/p>\n\n\n\n<p>Nar. 1958<\/p>\n\n\n\n<p>K fotografii jsem se poprv\u00e9 dostal u\u017e v d\u011btstv\u00ed, p\u0159ibli\u017en\u011b ve v\u011bku jeden\u00e1cti let. Tehdej\u0161\u00ed pokusy v\u0161ak je\u0161t\u011b nebylo mo\u017en\u00e9 pova\u017eovat za skute\u010dn\u00e9 fotografov\u00e1n\u00ed, \u0161lo sp\u00ed\u0161e o n\u00e1hodn\u00e9, \u010dasto nepoveden\u00e9 sn\u00edmky. P\u0159esto pr\u00e1v\u011b tehdy se zrodil m\u016fj z\u00e1jem o fotografii, kter\u00fd se \u010dasem prom\u011bnil v nov\u00e9ho kon\u00ed\u010dka a posl\u00e9ze i v\u00e1\u0161e\u0148.<\/p>\n\n\n\n<p>Fotografov\u00e1n\u00ed jsem se za\u010dal v\u011bnovat intenzivn\u011bji a po ur\u010dit\u00e9 dob\u011b jsem vedl fotokrou\u017eek p\u0159i Dom\u011b d\u011bt\u00ed a ml\u00e1de\u017ee v Porub\u011b. Na po\u010d\u00e1tku osmdes\u00e1t\u00fdch let jsem absolvoval \u0160kolu v\u00fdtvarn\u00e9 fotografie pod veden\u00edm Franti\u0161ka \u0158ezn\u00ed\u010dka a Ji\u0159\u00edho Kr\u00e1\u010dal\u00edka. Po jej\u00edm dokon\u010den\u00ed jsem se spolu s n\u011bkolika dal\u0161\u00edmi absolventy pod\u00edlel na zalo\u017een\u00ed Fotoklubu p\u0159i Dom\u011b kultury OKD, dne\u0161n\u00edho Fotoklubu Ostrava.<\/p>\n\n\n\n<p>Pokud jde o fotografick\u00e9 zam\u011b\u0159en\u00ed, hledal jsem svou cestu pom\u011brn\u011b dlouho. Za\u010d\u00ednal focen\u00edm architektonicky zaj\u00edmav\u00fdch objekt\u016f, co\u017e mi z\u016fstalo dodnes. Postupn\u011b jsem se ale p\u0159esunul k tzv. loven\u00ed lid\u00ed, od portr\u00e9t\u016f a\u017e po pouli\u010dn\u00ed momentky v r\u00e1mci street fotografie. N\u011bkolik let jsem tak\u00e9 fotografoval na festivalech, jako jsou Colours of Ostrava nebo \u0160t\u011brkovna Open Music v Hlu\u010d\u00edn\u011b. Pr\u00e1v\u011b z t\u011bchto akc\u00ed poch\u00e1z\u00ed sn\u00edmky, kter\u00e9 tvo\u0159\u00ed soubor&nbsp;<em>Muzikanti<\/em>.<\/p>\n\n\n\n<p>Tak\u00e9 soubor fotografi\u00ed&nbsp;<em>Industri\u00e1l<\/em> na\u0161el sv\u00e9 m\u00edsto u m\u011b v&nbsp;\u0161upl\u00edku, kde vy\u010dk\u00e1v\u00e1 na ten spr\u00e1vn\u00fd okam\u017eik, stejn\u011b jako mnoho dal\u0161\u00edch dosud nepublikovan\u00fdch fotozaj\u00edmavost\u00ed. Tyto sn\u00edmky \u010dekaj\u00ed, obrazn\u011b \u0159e\u010deno, jako latentn\u00ed obraz na sv\u011btlo, aby se mohly dostat k&nbsp;dal\u0161\u00edmu \u017eivotu. Pro sv\u00e9 znovuobjeven\u00ed u\u017e nepot\u0159ebuj\u00ed fotokomoru, sta\u010dilo by jim pouze digit\u00e1ln\u00ed zpracov\u00e1n\u00ed. To, co jejich zve\u0159ejn\u011bn\u00ed zat\u00edm br\u00e1n\u00ed, je p\u0159edev\u0161\u00edm nedostatek \u010dasu a umu na jejich zpracov\u00e1n\u00ed, p\u0159esto v\u011b\u0159\u00edm, \u017ee se jejich prezentace brzy do\u010dk\u00e1me.<\/p>\n\n\n\n<p>V\u0161em milovn\u00edk\u016fm fotografie p\u0159eji mnoho inspirace, radosti z tvorby \u2013 a p\u0159edev\u0161\u00edm&nbsp;<strong>dobr\u00e9 sv\u011btlo!<\/strong><\/p>\n\n\n\n<figure class=\"wp-block-gallery has-nested-images columns-2 is-cropped wp-block-gallery-1 is-layout-flex wp-block-gallery-is-layout-flex\">\n<figure class=\"wp-block-image size-large\"><img loading=\"lazy\" decoding=\"async\" width=\"650\" height=\"487\" data-id=\"293\" src=\"https:\/\/www.fotoklubostrava.cz\/fo\/wp-content\/uploads\/2023\/11\/001-1.jpg\" alt=\"\" class=\"wp-image-293\" srcset=\"https:\/\/www.fotoklubostrava.cz\/fo\/wp-content\/uploads\/2023\/11\/001-1.jpg 650w, https:\/\/www.fotoklubostrava.cz\/fo\/wp-content\/uploads\/2023\/11\/001-1-300x225.jpg 300w\" sizes=\"auto, (max-width: 650px) 100vw, 650px\" \/><\/figure>\n\n\n\n<figure class=\"wp-block-image size-large\"><img loading=\"lazy\" decoding=\"async\" width=\"500\" height=\"750\" data-id=\"297\" src=\"https:\/\/www.fotoklubostrava.cz\/fo\/wp-content\/uploads\/2023\/11\/002-1.jpg\" alt=\"\" class=\"wp-image-297\" srcset=\"https:\/\/www.fotoklubostrava.cz\/fo\/wp-content\/uploads\/2023\/11\/002-1.jpg 500w, https:\/\/www.fotoklubostrava.cz\/fo\/wp-content\/uploads\/2023\/11\/002-1-200x300.jpg 200w\" sizes=\"auto, (max-width: 500px) 100vw, 500px\" \/><\/figure>\n\n\n\n<figure class=\"wp-block-image size-large\"><img loading=\"lazy\" decoding=\"async\" width=\"500\" height=\"750\" data-id=\"301\" src=\"https:\/\/www.fotoklubostrava.cz\/fo\/wp-content\/uploads\/2023\/11\/003-1.jpg\" alt=\"\" class=\"wp-image-301\" srcset=\"https:\/\/www.fotoklubostrava.cz\/fo\/wp-content\/uploads\/2023\/11\/003-1.jpg 500w, https:\/\/www.fotoklubostrava.cz\/fo\/wp-content\/uploads\/2023\/11\/003-1-200x300.jpg 200w\" sizes=\"auto, (max-width: 500px) 100vw, 500px\" \/><\/figure>\n\n\n\n<figure class=\"wp-block-image size-large\"><img loading=\"lazy\" decoding=\"async\" width=\"500\" height=\"750\" data-id=\"296\" src=\"https:\/\/www.fotoklubostrava.cz\/fo\/wp-content\/uploads\/2023\/11\/004-1.jpg\" alt=\"\" class=\"wp-image-296\" srcset=\"https:\/\/www.fotoklubostrava.cz\/fo\/wp-content\/uploads\/2023\/11\/004-1.jpg 500w, https:\/\/www.fotoklubostrava.cz\/fo\/wp-content\/uploads\/2023\/11\/004-1-200x300.jpg 200w\" sizes=\"auto, (max-width: 500px) 100vw, 500px\" \/><\/figure>\n\n\n\n<figure class=\"wp-block-image size-large\"><img loading=\"lazy\" decoding=\"async\" width=\"500\" height=\"750\" data-id=\"298\" src=\"https:\/\/www.fotoklubostrava.cz\/fo\/wp-content\/uploads\/2023\/11\/005-1.jpg\" alt=\"\" class=\"wp-image-298\" srcset=\"https:\/\/www.fotoklubostrava.cz\/fo\/wp-content\/uploads\/2023\/11\/005-1.jpg 500w, https:\/\/www.fotoklubostrava.cz\/fo\/wp-content\/uploads\/2023\/11\/005-1-200x300.jpg 200w\" sizes=\"auto, (max-width: 500px) 100vw, 500px\" \/><\/figure>\n\n\n\n<figure class=\"wp-block-image size-large\"><img loading=\"lazy\" decoding=\"async\" width=\"500\" height=\"750\" data-id=\"295\" src=\"https:\/\/www.fotoklubostrava.cz\/fo\/wp-content\/uploads\/2023\/11\/006-1.jpg\" alt=\"\" class=\"wp-image-295\" srcset=\"https:\/\/www.fotoklubostrava.cz\/fo\/wp-content\/uploads\/2023\/11\/006-1.jpg 500w, https:\/\/www.fotoklubostrava.cz\/fo\/wp-content\/uploads\/2023\/11\/006-1-200x300.jpg 200w\" sizes=\"auto, (max-width: 500px) 100vw, 500px\" \/><\/figure>\n\n\n\n<figure class=\"wp-block-image size-large\"><img loading=\"lazy\" decoding=\"async\" width=\"472\" height=\"750\" data-id=\"299\" src=\"https:\/\/www.fotoklubostrava.cz\/fo\/wp-content\/uploads\/2023\/11\/007-1.jpg\" alt=\"\" class=\"wp-image-299\" srcset=\"https:\/\/www.fotoklubostrava.cz\/fo\/wp-content\/uploads\/2023\/11\/007-1.jpg 472w, https:\/\/www.fotoklubostrava.cz\/fo\/wp-content\/uploads\/2023\/11\/007-1-189x300.jpg 189w\" sizes=\"auto, (max-width: 472px) 100vw, 472px\" \/><\/figure>\n\n\n\n<figure class=\"wp-block-image size-large\"><img loading=\"lazy\" decoding=\"async\" width=\"500\" height=\"750\" data-id=\"300\" src=\"https:\/\/www.fotoklubostrava.cz\/fo\/wp-content\/uploads\/2023\/11\/008-1.jpg\" alt=\"\" class=\"wp-image-300\" srcset=\"https:\/\/www.fotoklubostrava.cz\/fo\/wp-content\/uploads\/2023\/11\/008-1.jpg 500w, https:\/\/www.fotoklubostrava.cz\/fo\/wp-content\/uploads\/2023\/11\/008-1-200x300.jpg 200w\" sizes=\"auto, (max-width: 500px) 100vw, 500px\" \/><\/figure>\n\n\n\n<figure class=\"wp-block-image size-large\"><img loading=\"lazy\" decoding=\"async\" width=\"500\" height=\"750\" data-id=\"294\" src=\"https:\/\/www.fotoklubostrava.cz\/fo\/wp-content\/uploads\/2023\/11\/009-1.jpg\" alt=\"\" class=\"wp-image-294\" srcset=\"https:\/\/www.fotoklubostrava.cz\/fo\/wp-content\/uploads\/2023\/11\/009-1.jpg 500w, https:\/\/www.fotoklubostrava.cz\/fo\/wp-content\/uploads\/2023\/11\/009-1-200x300.jpg 200w\" sizes=\"auto, (max-width: 500px) 100vw, 500px\" \/><\/figure>\n<\/figure>\n","protected":false},"excerpt":{"rendered":"<p>(zakl\u00e1daj\u00edc\u00ed \u010dlen Fotoklubu Ostrava) Nar. 1958 K fotografii jsem se poprv\u00e9 dostal u\u017e v d\u011btstv\u00ed, p\u0159ibli\u017en\u011b ve v\u011bku jeden\u00e1cti let. Tehdej\u0161\u00ed pokusy v\u0161ak je\u0161t\u011b nebylo mo\u017en\u00e9 pova\u017eovat za skute\u010dn\u00e9 fotografov\u00e1n\u00ed, \u0161lo sp\u00ed\u0161e o n\u00e1hodn\u00e9, \u010dasto nepoveden\u00e9 sn\u00edmky. P\u0159esto pr\u00e1v\u011b tehdy se zrodil m\u016fj z\u00e1jem o fotografii, kter\u00fd se \u010dasem prom\u011bnil v nov\u00e9ho kon\u00ed\u010dka a posl\u00e9ze [&hellip;]<\/p>\n","protected":false},"author":1,"featured_media":0,"parent":18,"menu_order":0,"comment_status":"closed","ping_status":"closed","template":"","meta":{"footnotes":""},"class_list":["post-292","page","type-page","status-publish","hentry"],"_links":{"self":[{"href":"https:\/\/www.fotoklubostrava.cz\/fo\/wp-json\/wp\/v2\/pages\/292","targetHints":{"allow":["GET"]}}],"collection":[{"href":"https:\/\/www.fotoklubostrava.cz\/fo\/wp-json\/wp\/v2\/pages"}],"about":[{"href":"https:\/\/www.fotoklubostrava.cz\/fo\/wp-json\/wp\/v2\/types\/page"}],"author":[{"embeddable":true,"href":"https:\/\/www.fotoklubostrava.cz\/fo\/wp-json\/wp\/v2\/users\/1"}],"replies":[{"embeddable":true,"href":"https:\/\/www.fotoklubostrava.cz\/fo\/wp-json\/wp\/v2\/comments?post=292"}],"version-history":[{"count":2,"href":"https:\/\/www.fotoklubostrava.cz\/fo\/wp-json\/wp\/v2\/pages\/292\/revisions"}],"predecessor-version":[{"id":809,"href":"https:\/\/www.fotoklubostrava.cz\/fo\/wp-json\/wp\/v2\/pages\/292\/revisions\/809"}],"up":[{"embeddable":true,"href":"https:\/\/www.fotoklubostrava.cz\/fo\/wp-json\/wp\/v2\/pages\/18"}],"wp:attachment":[{"href":"https:\/\/www.fotoklubostrava.cz\/fo\/wp-json\/wp\/v2\/media?parent=292"}],"curies":[{"name":"wp","href":"https:\/\/api.w.org\/{rel}","templated":true}]}}