{"id":275,"date":"2023-11-06T16:14:25","date_gmt":"2023-11-06T15:14:25","guid":{"rendered":"https:\/\/www.fotoklubostrava.cz\/fo\/?page_id=275"},"modified":"2026-01-19T16:44:53","modified_gmt":"2026-01-19T15:44:53","slug":"iveta-mutinova","status":"publish","type":"page","link":"https:\/\/www.fotoklubostrava.cz\/fo\/clenove\/iveta-mutinova\/","title":{"rendered":"Iveta Mutinov\u00e1"},"content":{"rendered":"\n<p>Nar. 23.1.1965<\/p>\n\n\n\n<div class=\"wp-block-columns is-layout-flex wp-container-core-columns-is-layout-28f84493 wp-block-columns-is-layout-flex\">\n<div class=\"wp-block-column is-layout-flow wp-block-column-is-layout-flow\" style=\"flex-basis:66.66%\">\n<p>Jsem roda\u010dka z Ostravy a ji\u017e del\u0161\u00ed dobu bydl\u00edme v Bohum\u00edn\u011b. Objektivem fotoapar\u00e1tu hled\u00e1m z\u00e1b\u011bry u\u017e v\u00edc ne\u017e t\u0159icet let.<br>B\u00fdvalo zvykem zviditel\u0148ovat sv\u00e9 post\u0159ehy doma v improvizovan\u00e9 fotokomo\u0159e. V koupeln\u011b.<br>V roce 2004 jsem absolvovala ostravskou konzervato\u0159 obor: um\u011bleck\u00e1 \u010dernob\u00edl\u00e1 fotografie. To ovlivnilo m\u016fj pohled na tuto tvorbu z\u00e1sadn\u00edm zp\u016fsobem.<\/p>\n<\/div>\n\n\n\n<div class=\"wp-block-column is-layout-flow wp-block-column-is-layout-flow\" style=\"flex-basis:33.33%\">\n<figure class=\"wp-block-image is-resized\"><img loading=\"lazy\" decoding=\"async\" width=\"300\" height=\"201\" src=\"https:\/\/www.fotoklubostrava.cz\/fo\/wp-content\/uploads\/2023\/11\/image.jpeg\" alt=\"\" class=\"wp-image-290\" style=\"aspect-ratio:1.492537313432836;object-fit:contain;width:312px;height:auto\"\/><\/figure>\n<\/div>\n<\/div>\n\n\n\n<p>Tehdy vznikl m\u016fj prvn\u00ed cyklus fotografi\u00ed pod n\u00e1zvem\u2026 Zapomenut\u00e1 minulost. V tomt\u00e9\u017e roce jsem uskute\u010dnila svou prvn\u00ed autorskou v\u00fdstavu fotografi\u00ed. V Ostrav\u011b v galerii Mlejn a n\u00e1sledn\u011b i v Bohum\u00edn\u011b.<br>Od t\u00e9 doby jsem vystavovala na r\u016fzn\u00fdch m\u00edstech. Nap\u0159\u00edklad v Jabl\u016fnkov\u011b v kr\u00e1sn\u00e9 d\u0159ev\u011bnce s infocentrem.V Doln\u00ed Lomn\u00e9, v Ostrav\u011b, V Karvin\u00e9, Pet\u0159valdu, Nov\u00e9m Ji\u010d\u00edn\u011b&#8230;<\/p>\n\n\n\n<p>Dotkla jsem se r\u016fzn\u00fdch t\u00e9mat.<br>Soci\u00e1ln\u00ed t\u00e9matiky pro Salome Bohum\u00edn, cyklus &#8211; Jin\u00e9 sv\u011bty.<br>Ve \u0161kolce kterou nav\u0161t\u011bvoval m\u016fj syn vznikl cyklus &#8211; Na\u0161e mal\u00e1 slun\u00ed\u010dka.<br>R\u00e1da fot\u00edm krajinu a miluji r\u016fzn\u00e1 z\u00e1ti\u0161\u00ed jak nalezen\u00e9 tak vytvo\u0159en\u00e9.Tak vznikl cyklus &#8211; Lokomotiva &#8211; \u010di posledn\u00ed cyklus &#8211; Kr\u00e1sa jednoduchosti &#8211; jen\u017e byl letos vystaven v P\u0159\u00edbo\u0159e.<\/p>\n\n\n\n<p>P\u0159esto\u017ee u\u017e fot\u00edm i digit\u00e1ln\u011b vedu v Bohum\u00edn\u011b fotokrou\u017eek v Dom\u011b d\u011bt\u00ed a ml\u00e1de\u017ee. Kde tvo\u0159\u00edme klasickou \u010dernob\u00edlou fotografii.<br>A zv\u011bt\u0161ujeme ve fotokomo\u0159e.<br>Mimo to spole\u010dn\u011b s p\u0159\u00e1teli z fotoklubu po\u0159\u00e1d\u00e1me v\u00fdstavy, z\u016f\u010dast\u0148ujeme se fotosout\u011b\u017e\u00ed a debatujeme nad fotografiemi.<\/p>\n\n\n\n<p><a href=\"mailto:ivetamuti@gmail.com\">ivetamuti@gmail.com<\/a><\/p>\n\n\n\n<p>V\u00fdb\u011br fotografi\u00ed.<\/p>\n\n\n\n<figure class=\"wp-block-gallery has-nested-images columns-2 is-cropped wp-block-gallery-1 is-layout-flex wp-block-gallery-is-layout-flex\">\n<figure class=\"wp-block-image size-large\"><img loading=\"lazy\" decoding=\"async\" width=\"1024\" height=\"693\" data-id=\"447\" src=\"https:\/\/www.fotoklubostrava.cz\/fo\/wp-content\/uploads\/2023\/12\/001-1-1024x693.jpg\" alt=\"\" class=\"wp-image-447\" srcset=\"https:\/\/www.fotoklubostrava.cz\/fo\/wp-content\/uploads\/2023\/12\/001-1-1024x693.jpg 1024w, https:\/\/www.fotoklubostrava.cz\/fo\/wp-content\/uploads\/2023\/12\/001-1-300x203.jpg 300w, https:\/\/www.fotoklubostrava.cz\/fo\/wp-content\/uploads\/2023\/12\/001-1-768x520.jpg 768w, https:\/\/www.fotoklubostrava.cz\/fo\/wp-content\/uploads\/2023\/12\/001-1.jpg 1200w\" sizes=\"auto, (max-width: 1024px) 100vw, 1024px\" \/><\/figure>\n\n\n\n<figure class=\"wp-block-image size-large\"><img loading=\"lazy\" decoding=\"async\" width=\"823\" height=\"1025\" data-id=\"450\" src=\"https:\/\/www.fotoklubostrava.cz\/fo\/wp-content\/uploads\/2023\/12\/002-1.jpg\" alt=\"\" class=\"wp-image-450\" srcset=\"https:\/\/www.fotoklubostrava.cz\/fo\/wp-content\/uploads\/2023\/12\/002-1.jpg 823w, https:\/\/www.fotoklubostrava.cz\/fo\/wp-content\/uploads\/2023\/12\/002-1-241x300.jpg 241w, https:\/\/www.fotoklubostrava.cz\/fo\/wp-content\/uploads\/2023\/12\/002-1-768x957.jpg 768w\" sizes=\"auto, (max-width: 823px) 100vw, 823px\" \/><figcaption class=\"wp-element-caption\">OLYMPUS DIGITAL CAMERA<\/figcaption><\/figure>\n\n\n\n<figure class=\"wp-block-image size-large\"><img loading=\"lazy\" decoding=\"async\" width=\"1024\" height=\"774\" data-id=\"453\" src=\"https:\/\/www.fotoklubostrava.cz\/fo\/wp-content\/uploads\/2023\/12\/003-1-1024x774.jpg\" alt=\"\" class=\"wp-image-453\" srcset=\"https:\/\/www.fotoklubostrava.cz\/fo\/wp-content\/uploads\/2023\/12\/003-1-1024x774.jpg 1024w, https:\/\/www.fotoklubostrava.cz\/fo\/wp-content\/uploads\/2023\/12\/003-1-300x227.jpg 300w, https:\/\/www.fotoklubostrava.cz\/fo\/wp-content\/uploads\/2023\/12\/003-1-768x580.jpg 768w, https:\/\/www.fotoklubostrava.cz\/fo\/wp-content\/uploads\/2023\/12\/003-1.jpg 1155w\" sizes=\"auto, (max-width: 1024px) 100vw, 1024px\" \/><figcaption class=\"wp-element-caption\">OLYMPUS DIGITAL CAMERA<\/figcaption><\/figure>\n\n\n\n<figure class=\"wp-block-image size-large\"><img loading=\"lazy\" decoding=\"async\" width=\"1009\" height=\"876\" data-id=\"452\" src=\"https:\/\/www.fotoklubostrava.cz\/fo\/wp-content\/uploads\/2023\/12\/004-1.jpg\" alt=\"\" class=\"wp-image-452\" srcset=\"https:\/\/www.fotoklubostrava.cz\/fo\/wp-content\/uploads\/2023\/12\/004-1.jpg 1009w, https:\/\/www.fotoklubostrava.cz\/fo\/wp-content\/uploads\/2023\/12\/004-1-300x260.jpg 300w, https:\/\/www.fotoklubostrava.cz\/fo\/wp-content\/uploads\/2023\/12\/004-1-768x667.jpg 768w\" sizes=\"auto, (max-width: 1009px) 100vw, 1009px\" \/><\/figure>\n\n\n\n<figure class=\"wp-block-image size-large\"><img loading=\"lazy\" decoding=\"async\" width=\"692\" height=\"1024\" data-id=\"448\" src=\"https:\/\/www.fotoklubostrava.cz\/fo\/wp-content\/uploads\/2023\/12\/005-1-692x1024.jpg\" alt=\"\" class=\"wp-image-448\" srcset=\"https:\/\/www.fotoklubostrava.cz\/fo\/wp-content\/uploads\/2023\/12\/005-1-692x1024.jpg 692w, https:\/\/www.fotoklubostrava.cz\/fo\/wp-content\/uploads\/2023\/12\/005-1-203x300.jpg 203w, https:\/\/www.fotoklubostrava.cz\/fo\/wp-content\/uploads\/2023\/12\/005-1-768x1136.jpg 768w, https:\/\/www.fotoklubostrava.cz\/fo\/wp-content\/uploads\/2023\/12\/005-1.jpg 811w\" sizes=\"auto, (max-width: 692px) 100vw, 692px\" \/><\/figure>\n\n\n\n<figure class=\"wp-block-image size-large\"><img loading=\"lazy\" decoding=\"async\" width=\"1024\" height=\"690\" data-id=\"451\" src=\"https:\/\/www.fotoklubostrava.cz\/fo\/wp-content\/uploads\/2023\/12\/006a-1024x690.jpg\" alt=\"\" class=\"wp-image-451\" srcset=\"https:\/\/www.fotoklubostrava.cz\/fo\/wp-content\/uploads\/2023\/12\/006a-1024x690.jpg 1024w, https:\/\/www.fotoklubostrava.cz\/fo\/wp-content\/uploads\/2023\/12\/006a-300x202.jpg 300w, https:\/\/www.fotoklubostrava.cz\/fo\/wp-content\/uploads\/2023\/12\/006a-768x518.jpg 768w, https:\/\/www.fotoklubostrava.cz\/fo\/wp-content\/uploads\/2023\/12\/006a.jpg 1202w\" sizes=\"auto, (max-width: 1024px) 100vw, 1024px\" \/><\/figure>\n\n\n\n<figure class=\"wp-block-image size-large\"><img loading=\"lazy\" decoding=\"async\" width=\"1024\" height=\"615\" data-id=\"449\" src=\"https:\/\/www.fotoklubostrava.cz\/fo\/wp-content\/uploads\/2023\/12\/007-1-1024x615.jpg\" alt=\"\" class=\"wp-image-449\" srcset=\"https:\/\/www.fotoklubostrava.cz\/fo\/wp-content\/uploads\/2023\/12\/007-1-1024x615.jpg 1024w, https:\/\/www.fotoklubostrava.cz\/fo\/wp-content\/uploads\/2023\/12\/007-1-300x180.jpg 300w, https:\/\/www.fotoklubostrava.cz\/fo\/wp-content\/uploads\/2023\/12\/007-1-768x461.jpg 768w, https:\/\/www.fotoklubostrava.cz\/fo\/wp-content\/uploads\/2023\/12\/007-1.jpg 1213w\" sizes=\"auto, (max-width: 1024px) 100vw, 1024px\" \/><\/figure>\n<\/figure>\n","protected":false},"excerpt":{"rendered":"<p>Nar. 23.1.1965 Jsem roda\u010dka z Ostravy a ji\u017e del\u0161\u00ed dobu bydl\u00edme v Bohum\u00edn\u011b. Objektivem fotoapar\u00e1tu hled\u00e1m z\u00e1b\u011bry u\u017e v\u00edc ne\u017e t\u0159icet let.B\u00fdvalo zvykem zviditel\u0148ovat sv\u00e9 post\u0159ehy doma v improvizovan\u00e9 fotokomo\u0159e. V koupeln\u011b.V roce 2004 jsem absolvovala ostravskou konzervato\u0159 obor: um\u011bleck\u00e1 \u010dernob\u00edl\u00e1 fotografie. To ovlivnilo m\u016fj pohled na tuto tvorbu z\u00e1sadn\u00edm zp\u016fsobem. Tehdy vznikl m\u016fj prvn\u00ed [&hellip;]<\/p>\n","protected":false},"author":1,"featured_media":0,"parent":18,"menu_order":0,"comment_status":"closed","ping_status":"closed","template":"","meta":{"footnotes":""},"class_list":["post-275","page","type-page","status-publish","hentry"],"_links":{"self":[{"href":"https:\/\/www.fotoklubostrava.cz\/fo\/wp-json\/wp\/v2\/pages\/275","targetHints":{"allow":["GET"]}}],"collection":[{"href":"https:\/\/www.fotoklubostrava.cz\/fo\/wp-json\/wp\/v2\/pages"}],"about":[{"href":"https:\/\/www.fotoklubostrava.cz\/fo\/wp-json\/wp\/v2\/types\/page"}],"author":[{"embeddable":true,"href":"https:\/\/www.fotoklubostrava.cz\/fo\/wp-json\/wp\/v2\/users\/1"}],"replies":[{"embeddable":true,"href":"https:\/\/www.fotoklubostrava.cz\/fo\/wp-json\/wp\/v2\/comments?post=275"}],"version-history":[{"count":4,"href":"https:\/\/www.fotoklubostrava.cz\/fo\/wp-json\/wp\/v2\/pages\/275\/revisions"}],"predecessor-version":[{"id":1249,"href":"https:\/\/www.fotoklubostrava.cz\/fo\/wp-json\/wp\/v2\/pages\/275\/revisions\/1249"}],"up":[{"embeddable":true,"href":"https:\/\/www.fotoklubostrava.cz\/fo\/wp-json\/wp\/v2\/pages\/18"}],"wp:attachment":[{"href":"https:\/\/www.fotoklubostrava.cz\/fo\/wp-json\/wp\/v2\/media?parent=275"}],"curies":[{"name":"wp","href":"https:\/\/api.w.org\/{rel}","templated":true}]}}