{"id":24,"date":"2023-10-21T22:41:17","date_gmt":"2023-10-21T20:41:17","guid":{"rendered":"http:\/\/localhost\/fo\/?page_id=24"},"modified":"2023-10-21T22:45:10","modified_gmt":"2023-10-21T20:45:10","slug":"stanovy","status":"publish","type":"page","link":"https:\/\/www.fotoklubostrava.cz\/fo\/stanovy\/","title":{"rendered":"Stanovy"},"content":{"rendered":"\n<p><strong>Stanovy spolku Fotoklub Ostrava, z.s.<\/strong><\/p>\n\n\n\n<p><strong>\u010cl. 1 N\u00e1zev, forma a s\u00eddlo<\/strong><br>Fotoklub Ostrava, z.s. (d\u00e1le jen Fotoklub), je pr\u00e1vnickou osobou, zalo\u017eenou v souladu se z\u00e1konem<br>\u010d. 89\/2012 Sb., Ob\u010dansk\u00e9ho z\u00e1kon\u00edku, v platn\u00e9m zn\u011bn\u00ed. S\u00eddlo spolku je: N\u00e1lepkovo n\u00e1m. 927\/12, 708 00, Ostrava 8.<\/p>\n\n\n\n<p><strong>\u010cl. 2 Charakter spolku<\/strong><br>Spolek je dobrovoln\u00fdm, nevl\u00e1dn\u00edm, neziskov\u00fdm svazkem ob\u010dan\u016f, jejich\u017e spole\u010dn\u00fdm z\u00e1jmem je \u010dinnost v oblasti fotografie a fotografick\u00e9 tvorby \u010dlen\u016f prost\u0159ednictv\u00edm fotoklubu.<\/p>\n\n\n\n<p><strong>\u010cl. 3 Z\u00e1kladn\u00ed \u00fa\u010dely spolku<\/strong><br>Z\u00e1kladn\u00edmi \u00fa\u010dely spolku je sdru\u017eov\u00e1n\u00ed fyzick\u00fdch osob zab\u00fdvaj\u00edc\u00edch se fotografov\u00e1n\u00edm a aktivitami s t\u00edmto spojen\u00fdmi, fotografick\u00e9 tvorby a jej\u00ed prezentace formou v\u00fdstav, \u00fa\u010dast\u00ed na sout\u011b\u017e\u00edch apod.<\/p>\n\n\n\n<p><strong>\u010cl. 4 \u010clenstv\u00ed ve Fotoklubu<\/strong><br>4.1 Vznik \u010dlenstv\u00ed<br>a) \u00da\u010dast\u00ed na zakl\u00e1dac\u00ed \u010dlensk\u00e9 sch\u016fzi. Vypln\u011bn\u00edm eviden\u010dn\u00edho listu a souhlasem se stanovami spolku. V tomto p\u0159\u00edpad\u011b vznik\u00e1 \u010dlenstv\u00ed okam\u017eit\u011b.<br>b) Na z\u00e1klad\u011b p\u00edsemn\u00e9 p\u0159ihl\u00e1\u0161ky s datumem pod\u00e1n\u00ed, podpisem a p\u0159edlo\u017een\u00edm portfolia s uk\u00e1zkami vlastn\u00ed tvorby. P\u0159edlo\u017een\u00e9 fotografie posoud\u00ed V\u00fdbor spolku. V souhlasn\u00e9m p\u0159\u00edpad\u011b se uchaze\u010d st\u00e1v\u00e1 tzv. \u010dlenem- \u010dekatelem na dobu 1 roku a pot\u00e9, p\u0159i \u0159\u00e1dn\u00e9m pln\u011bn\u00ed v\u0161ech povinnost\u00ed a odsouhlasen\u00ed nadpolovi\u010dn\u00ed v\u011bt\u0161inou se st\u00e1v\u00e1 \u0159\u00e1dn\u00fdm \u010dlenem Fotoklubu.<br>4.2 Povinnosti a pr\u00e1va \u010dlen\u016f<br>Ka\u017ed\u00fd \u010dlen Fotoklubu m\u00e1 za povinnost:<br>a) \u0159\u00eddit se stanovami Fotoklubu<br>b) platit \u010dlensk\u00e9 p\u0159\u00edsp\u011bvky ve stanoven\u00e9 v\u00fd\u0161i a term\u00ednu &#8211; nejpozd\u011bji do konce 1. \u010dtvrtlet\u00ed p\u0159\u00edslu\u0161n\u00e9ho roku<br>c) aktivn\u011b se pod\u00edlet na \u010dinnostech Fotoklubu<br>d) informovat org\u00e1ny Fotoklubu o zm\u011bn\u00e1ch osobn\u00edch \u00fadaj\u016f nutn\u00fdch k veden\u00ed evidence<br>Ka\u017ed\u00fd \u010dlen Fotoklubu m\u00e1 pr\u00e1vo:<br>a) b\u00fdt informov\u00e1n o aktivit\u00e1ch Fotoklubu, v\u00fdstavn\u00ed \u010dinnosti, spole\u010dn\u00fdch akc\u00edch a z\u00fa\u010dast\u0148ovat se jich<br>b) volit a b\u00fdt volen do v\u00fdboru Fotoklubu<br>c) \u00fa\u010dastnit se \u010dlensk\u00fdch sch\u016fz\u00ed Fotoklubu a hlasovat na nich<br>d) zn\u00e1t stav hospoda\u0159en\u00ed Fotoklubu<br>4.3 Z\u00e1nik \u010dlenstv\u00ed<br>\u010clenstv\u00ed ve Fotoklubu kon\u010d\u00ed:<br>a) vystoupen\u00edm na vlastn\u00ed \u017e\u00e1dost<br>b) z\u00e1nikem Fotoklubu<br>c) \u00famrt\u00edm \u010dlena<br>d) vylou\u010den\u00edm- odebr\u00e1n\u00edm \u010dlenstv\u00ed za podm\u00ednky tajn\u00e9ho hlasov\u00e1n\u00ed<br>D\u016fvodem vylou\u010den\u00ed je opakovan\u00e9 hrub\u00e9 poru\u0161en\u00ed stanov, zejm\u00e9na nepln\u011bn\u00ed povinnost\u00ed \u010dlena, neplacen\u00edm \u010dlensk\u00e9ho p\u0159\u00edsp\u011bvku i po vyzv\u00e1n\u00ed, ne\u00fa\u010dast na t\u0159ech po sob\u011b jdouc\u00edch \u010dlensk\u00fdch sch\u016fz\u00edch bez ud\u00e1n\u00ed d\u016fvodu. P\u0159i ukon\u010den\u00ed \u010dlenstv\u00ed nevznik\u00e1 \u010dlenovi n\u00e1rok na jak\u00e9koliv majetkov\u00e9 vyrovn\u00e1n\u00ed.<\/p>\n\n\n\n<p><strong>\u010cl. 5 Org\u00e1ny Fotoklubu<\/strong><br>a) \u010dlensk\u00e1 sch\u016fze Fotoklubu<br>b) v\u00fdbor Fotoklubu<br>c) statut\u00e1rn\u00ed org\u00e1n Fotoklubu<br>5.1 \u010clensk\u00e1 sch\u016fze<br>\u010clensk\u00e1 sch\u016fze je nejvy\u0161\u0161\u00edm org\u00e1nem Fotoklubu a tvo\u0159\u00ed ji v\u0161ichni \u010dlenov\u00e9. \u010cleny \u010dlensk\u00e9 sch\u016fze nejsou \u010dekatel\u00e9 na \u010dlenstv\u00ed, mohou se v\u0161ak \u00fa\u010dastnit jej\u00edho zased\u00e1n\u00ed. \u010clensk\u00e1 sch\u016fze vol\u00ed v\u00fdbor Fotoklubu.<br>\u010clenskou sch\u016fzi svol\u00e1v\u00e1 v\u00fdbor Fotoklubu alespo\u0148 1x ro\u010dn\u011b, nebo v\u017edy, kdy\u017e o to po\u017e\u00e1d\u00e1 alespo\u0148 1\/3 \u010dlen\u016f p\u0159i p\u0159edlo\u017een\u00ed d\u016fvodu a n\u00e1vrhem programu<br>\u010clensk\u00e1 sch\u016fze je usn\u00e1\u0161en\u00edschopn\u00e1 p\u0159i \u00fa\u010dasti alespo\u0148 50% \u010dlen\u016f. Nesejde-li se dostate\u010dn\u00fd po\u010det, kon\u00e1 se o p\u016fl hodiny pozd\u011bji mimo\u0159\u00e1dn\u00e1 \u010dlensk\u00e1 sch\u016fze, kter\u00e1 je v\u017edy usn\u00e1\u0161en\u00edschopn\u00e1.<br>\u010clensk\u00e1 sch\u016fze zejm\u00e9na:<br>a) p\u0159ij\u00edm\u00e1, dopl\u0148uje a m\u011bn\u00ed stanovy Fotoklubu<br>b) rozhoduje o z\u00e1kladn\u00edch ot\u00e1zk\u00e1ch, pl\u00e1nu \u010dinnosti a hospoda\u0159en\u00ed Fotoklubu<br>c) schvaluje v\u00fdsledky hospoda\u0159en\u00ed Fotoklubu za uplynul\u00e9 a p\u0159\u00edsp\u011bvky na nadch\u00e1zej\u00edc\u00ed obdob\u00ed<br>d) vol\u00ed, pop\u0159. odvol\u00e1v\u00e1 \u010dleny v\u00fdboru fotoklubu<br>g) rozhoduje o zru\u0161en\u00ed Fotoklubu \u2013 pro toto je nutn\u00fd souhlas nejm\u00e9n\u011b 2\/3 v\u011bt\u0161iny \u010dlen\u016f<br>O \u010dlensk\u00e9 sch\u016fzi se po\u0159izuje z\u00e1pis, ten podepisuje p\u0159edseda<br>5.2 V\u00fdbor Fotoklubu<br>V\u00fdbor Fotoklubu je 3 \u010dlenn\u00fd a funk\u010dn\u00ed obdob\u00ed \u010dlena v\u00fdboru jsou 4 roky. \u010clenov\u00e9 v\u00fdboru Fotoklubu jsou odpov\u011bdni za svou \u010dinnost \u010dlensk\u00e9 sch\u016fzi. V\u00fdbor Fotoklubu se sch\u00e1z\u00ed podle pot\u0159eby, minim\u00e1ln\u011b jednou za \u00bd roku. Sch\u016fze v\u00fdboru Fotoklubu svol\u00e1v\u00e1 p\u0159edseda Fotoklubu. Mimo\u0159\u00e1dn\u00e9 sch\u016fze v\u00fdboru Fotoklubu jsou svol\u00e1v\u00e1ny, po\u017e\u00e1daj\u00ed-li o to alespo\u0148 2 \u010dlenov\u00e9 v\u00fdboru.<br>V\u00fdbor Fotoklubu navrhuje:<br>a) zm\u011bnu stanov Fotoklubu<br>b) v\u00fd\u0161i \u010dlensk\u00fdch p\u0159\u00edsp\u011bvk\u016f, slevy a v\u00fdjimky z placen\u00ed \u010dlensk\u00fdch p\u0159\u00edsp\u011bvk\u016f<br>c) p\u0159ij\u00edm\u00e1n\u00ed nov\u00fdch \u010dlen\u016f a vylou\u010den\u00ed \u010dlena<br>d) schvaluje smlouvy a dohody uzav\u00edran\u00e9 jm\u00e9nem Fotoklubu<\/p>\n\n\n\n<p>Slo\u017een\u00ed v\u00fdboru Fotoklubu:<br>a) p\u0159edseda Fotoklubu<br>b) m\u00edstop\u0159edseda Fotoklubu<br>c) hospod\u00e1\u0159 Fotoklubu<br>5.3 Statut\u00e1rn\u00ed org\u00e1n<br>Statut\u00e1rn\u00edm org\u00e1nem Fotoklubu, kter\u00fd Fotoklub zastupuje, jedn\u00e1 a podepisuje, je p\u0159edseda Fotoklubu.<br>V p\u0159\u00edpad\u011b sv\u00e9 nep\u0159\u00edtomnosti m\u00edstop\u0159edseda.<\/p>\n\n\n\n<p><strong>\u010cl. 6 Hospoda\u0159en\u00ed Fotoklubu<\/strong><br>Spolek hospoda\u0159\u00ed s prost\u0159edky z\u00edskan\u00fdmi z \u010dlensk\u00fdch p\u0159\u00edsp\u011bvk\u016f ve v\u00fd\u0161i schv\u00e1len\u00e9 \u010dlenskou sch\u016fz\u00ed a p\u0159\u00edpadn\u00fdmi dary od fyzick\u00fdch a pr\u00e1vnick\u00fdch osob, \u010di z\u00edskan\u00fdmi granty. Prost\u0159edky vynakl\u00e1d\u00e1 v\u00fdhradn\u011b na \u00fakony spojen\u00e9 s p\u0159edm\u011btem \u010dinnosti spolku, \u0159\u00e1dn\u011b dolo\u017een\u00fdmi \u00fa\u010detn\u00edmi doklady.<br><em>6.1 Hospod\u00e1\u0159 Fotoklubu<\/em><br>Hospod\u00e1\u0159 fotoklubu:<br>a) eviduje p\u0159\u00edjmy a v\u00fddaje v pokladn\u00ed knize a evidenci \u00fa\u010detn\u00edch doklad\u016f<br>b) vyb\u00edr\u00e1 a eviduje \u010dlensk\u00e9 p\u0159\u00edsp\u011bvky.<br>c) na z\u00e1klad\u011b schv\u00e1len\u00fdch projekt\u016f propl\u00e1c\u00ed n\u00e1klady vznikl\u00e9 p\u0159i jejich realizaci<br>d) jedenkr\u00e1t ro\u010dn\u011b p\u0159edkl\u00e1d\u00e1 \u010dlensk\u00e9 sch\u016fzi zpr\u00e1vu o vyu\u017eit\u00ed finan\u010dn\u00edch prost\u0159edk\u016f a v\u00fdsledc\u00edch hospoda\u0159en\u00ed za uplynul\u00fd rok<\/p>\n\n\n\n<p><strong>\u010cl. 7 Funkce ve Fotoklubu<\/strong><br>Funkce ve Fotoklubu je dlouhodob\u00e1 \u010dinnost souvisej\u00edc\u00ed s \u0159\u00edzen\u00edm Fotoklubu. Funkce \u010dlena v\u00fdboru je \u010destn\u00e1 a nen\u00e1le\u017e\u00ed za ni \u017e\u00e1dn\u00e1 odm\u011bna. Ustanoven\u00ed do funkce nab\u00fdv\u00e1 platnosti okam\u017eikem vyhl\u00e1\u0161en\u00ed voleb.<br>Ukon\u010den\u00ed funkce:<br>a) ukon\u010den\u00edm funk\u010dn\u00edho obdob\u00ed<br>b) vzd\u00e1n\u00edm se funkce<br>c) ukon\u010den\u00edm \u010dlenstv\u00ed<br>d) odvol\u00e1n\u00edm z funkce; o odvol\u00e1n\u00ed p\u0159ed vypr\u0161en\u00edm funk\u010dn\u00edho obdob\u00ed rozhoduje \u010dlensk\u00e1 sch\u016fze<br>e) vylou\u010den\u00edm z Fotoklubu; viz odst. 4.3.d)<\/p>\n\n\n\n<p><strong>\u010cl. 8 Z\u00e1v\u011bre\u010dn\u00e9 ustanoven\u00ed<\/strong><br>Tyto stanovy byly schv\u00e1leny na ustavuj\u00edc\u00ed sch\u016fzi konan\u00e9 dne 17. 10. 2016 a nab\u00fdvaj\u00ed \u00fa\u010dinnosti dnem z\u00e1pisu do spolkov\u00e9ho rejst\u0159\u00edku veden\u00e9ho u Krajsk\u00e9ho soudu v Ostrav\u011b.<br>Tyto stanovy jsou z\u00e1vazn\u00e9 pro v\u0161echny \u010dleny a org\u00e1ny Fotoklubu.<\/p>\n\n\n\n<p>V Ostrav\u011b dne 17. 10. 2016<br>P\u0159edseda Fotoklubu Ostrava, z.s. : Franti\u0161ek Havl\u00ed\u010dek<br>M\u00edstop\u0159edseda Fotoklubu Ostrava, z.s. : ing. Patrik P\u011bch<\/p>\n","protected":false},"excerpt":{"rendered":"<p>Stanovy spolku Fotoklub Ostrava, z.s. \u010cl. 1 N\u00e1zev, forma a s\u00eddloFotoklub Ostrava, z.s. (d\u00e1le jen Fotoklub), je pr\u00e1vnickou osobou, zalo\u017eenou v souladu se z\u00e1konem\u010d. 89\/2012 Sb., Ob\u010dansk\u00e9ho z\u00e1kon\u00edku, v platn\u00e9m zn\u011bn\u00ed. S\u00eddlo spolku je: N\u00e1lepkovo n\u00e1m. 927\/12, 708 00, Ostrava 8. \u010cl. 2 Charakter spolkuSpolek je dobrovoln\u00fdm, nevl\u00e1dn\u00edm, neziskov\u00fdm svazkem ob\u010dan\u016f, jejich\u017e spole\u010dn\u00fdm z\u00e1jmem je [&hellip;]<\/p>\n","protected":false},"author":1,"featured_media":0,"parent":0,"menu_order":0,"comment_status":"closed","ping_status":"closed","template":"","meta":{"footnotes":""},"class_list":["post-24","page","type-page","status-publish","hentry"],"_links":{"self":[{"href":"https:\/\/www.fotoklubostrava.cz\/fo\/wp-json\/wp\/v2\/pages\/24","targetHints":{"allow":["GET"]}}],"collection":[{"href":"https:\/\/www.fotoklubostrava.cz\/fo\/wp-json\/wp\/v2\/pages"}],"about":[{"href":"https:\/\/www.fotoklubostrava.cz\/fo\/wp-json\/wp\/v2\/types\/page"}],"author":[{"embeddable":true,"href":"https:\/\/www.fotoklubostrava.cz\/fo\/wp-json\/wp\/v2\/users\/1"}],"replies":[{"embeddable":true,"href":"https:\/\/www.fotoklubostrava.cz\/fo\/wp-json\/wp\/v2\/comments?post=24"}],"version-history":[{"count":3,"href":"https:\/\/www.fotoklubostrava.cz\/fo\/wp-json\/wp\/v2\/pages\/24\/revisions"}],"predecessor-version":[{"id":27,"href":"https:\/\/www.fotoklubostrava.cz\/fo\/wp-json\/wp\/v2\/pages\/24\/revisions\/27"}],"wp:attachment":[{"href":"https:\/\/www.fotoklubostrava.cz\/fo\/wp-json\/wp\/v2\/media?parent=24"}],"curies":[{"name":"wp","href":"https:\/\/api.w.org\/{rel}","templated":true}]}}