{"id":22,"date":"2023-10-21T22:38:58","date_gmt":"2023-10-21T20:38:58","guid":{"rendered":"http:\/\/localhost\/fo\/?page_id=22"},"modified":"2025-05-07T22:19:16","modified_gmt":"2025-05-07T20:19:16","slug":"mapovy-okruh","status":"publish","type":"page","link":"https:\/\/www.fotoklubostrava.cz\/fo\/msmo\/mapovy-okruh\/","title":{"rendered":"V\u00fdsledky ro\u010dn\u00edk\u016f Mapov\u00e9ho okruhu"},"content":{"rendered":"\n<figure class=\"wp-block-table\"><table><tbody><tr><td>1.<\/td><td>2002-2003<\/td><td>Zl\u00edn a Vizovice *<\/td><\/tr><tr><td>2.<\/td><td>2003-2004<\/td><td>FK Andromeda Brumov- Bylnice *<\/td><\/tr><tr><td>3.<\/td><td>2004-2005<\/td><td>FK KD Krom\u011b\u0159\u00ed\u017e *<\/td><\/tr><tr><td>4.<\/td><td>2005-2006<\/td><td>Hor\u00e1ck\u00fd fotoklub Jihlava *<\/td><\/tr><tr><td>5.<\/td><td>2006-2007<\/td><td>FK Ostrava<\/td><\/tr><tr><td>6.<\/td><td>2007-2008<\/td><td>FK Olomouc *<\/td><\/tr><tr><td>7.<\/td><td>2008-2009<\/td><td>FK R 09 Ro\u017enov p. Radho\u0161t\u011bm *<\/td><\/tr><tr><td>8.<\/td><td>2009-2010<\/td><td>KMF Brno<\/td><\/tr><tr><td>9.<\/td><td>2010-2011<\/td><td>AM Foto DK Uhersk\u00fd Brod *<\/td><\/tr><tr><td>10.<\/td><td>2011-2012<\/td><td>V\u00fdtv. Sdru\u017een\u00ed Octopus R\u00fdma\u0159ov *<\/td><\/tr><tr><td>11.<\/td><td>2012-2013<\/td><td>FK Ku\u0159im<\/td><\/tr><tr><td>12.<\/td><td>2013-2014<\/td><td>FK Ivan\u010dice<\/td><\/tr><tr><td>13.<\/td><td>2014-2015<\/td><td>FK Jablunkov *<\/td><\/tr><tr><td>14.<\/td><td>2015-2016<\/td><td>FK Ostrava<\/td><\/tr><tr><td>15.<\/td><td>2016-2017<\/td><td>FK Vset\u00edn<\/td><\/tr><tr><td>16.<\/td><td>2017-2018<\/td><td>KMF Brno<\/td><\/tr><tr><td>17.<\/td><td>2018-2019<\/td><td>FK Znojmo<\/td><\/tr><tr><td>18.<\/td><td>2019-2020<\/td><td>FK FotKi Ivan\u010dice<\/td><\/tr><tr><td>19.<\/td><td>2020-2021<\/td><td>FK Bohum\u00edn<\/td><\/tr><tr><td>20.<\/td><td>2021-2022<\/td><td>Fk Otrokovice<\/td><\/tr><tr><td>21.<\/td><td>2022-2023<\/td><td>Fk Hav\u00ed\u0159ov<\/td><\/tr><tr><td>22.<\/td><td>2023-2024<\/td><td>Fk Zl\u00edn<\/td><\/tr><tr><td>23.<\/td><td>2024-2025<\/td><td>Fk Ostrava (pl\u00e1n)<\/td><\/tr><\/tbody><\/table><figcaption class=\"wp-element-caption\">Moravskoslezsk\u00fd mapov\u00fd okruh<\/figcaption><\/figure>\n\n\n\n<p>Na vyhodnocen\u00ed 17. ro\u010d. MSMO ve Znojm\u011b byl p\u0159ijat do okruhu Fotoklub Hav\u00ed\u0159ov, z.s<br>*Fk, kter\u00fd se ji\u017e nez\u00fa\u010dast\u0148uje MSMO<br>Fk Ostrava je \u00fa\u010dastn\u00edkem od 2. ro\u010d. tj. r.2003 &#8211; 2004.<\/p>\n","protected":false},"excerpt":{"rendered":"<p>1. 2002-2003 Zl\u00edn a Vizovice * 2. 2003-2004 FK Andromeda Brumov- Bylnice * 3. 2004-2005 FK KD Krom\u011b\u0159\u00ed\u017e * 4. 2005-2006 Hor\u00e1ck\u00fd fotoklub Jihlava * 5. 2006-2007 FK Ostrava 6. 2007-2008 FK Olomouc * 7. 2008-2009 FK R 09 Ro\u017enov p. Radho\u0161t\u011bm * 8. 2009-2010 KMF Brno 9. 2010-2011 AM Foto DK Uhersk\u00fd Brod * [&hellip;]<\/p>\n","protected":false},"author":1,"featured_media":0,"parent":902,"menu_order":0,"comment_status":"closed","ping_status":"closed","template":"msmo","meta":{"footnotes":""},"class_list":["post-22","page","type-page","status-publish","hentry"],"_links":{"self":[{"href":"https:\/\/www.fotoklubostrava.cz\/fo\/wp-json\/wp\/v2\/pages\/22","targetHints":{"allow":["GET"]}}],"collection":[{"href":"https:\/\/www.fotoklubostrava.cz\/fo\/wp-json\/wp\/v2\/pages"}],"about":[{"href":"https:\/\/www.fotoklubostrava.cz\/fo\/wp-json\/wp\/v2\/types\/page"}],"author":[{"embeddable":true,"href":"https:\/\/www.fotoklubostrava.cz\/fo\/wp-json\/wp\/v2\/users\/1"}],"replies":[{"embeddable":true,"href":"https:\/\/www.fotoklubostrava.cz\/fo\/wp-json\/wp\/v2\/comments?post=22"}],"version-history":[{"count":6,"href":"https:\/\/www.fotoklubostrava.cz\/fo\/wp-json\/wp\/v2\/pages\/22\/revisions"}],"predecessor-version":[{"id":917,"href":"https:\/\/www.fotoklubostrava.cz\/fo\/wp-json\/wp\/v2\/pages\/22\/revisions\/917"}],"up":[{"embeddable":true,"href":"https:\/\/www.fotoklubostrava.cz\/fo\/wp-json\/wp\/v2\/pages\/902"}],"wp:attachment":[{"href":"https:\/\/www.fotoklubostrava.cz\/fo\/wp-json\/wp\/v2\/media?parent=22"}],"curies":[{"name":"wp","href":"https:\/\/api.w.org\/{rel}","templated":true}]}}