{"id":18,"date":"2023-10-21T22:37:49","date_gmt":"2023-10-21T20:37:49","guid":{"rendered":"http:\/\/localhost\/fo\/?page_id=18"},"modified":"2026-01-19T17:02:13","modified_gmt":"2026-01-19T16:02:13","slug":"clenove","status":"publish","type":"page","link":"https:\/\/www.fotoklubostrava.cz\/fo\/clenove\/","title":{"rendered":"\u010clenov\u00e9"},"content":{"rendered":"\n<p>Seznam \u010dlen\u016f Fotoklubu Ostrava.<\/p>\n\n\n<ul>\n<li><a href=\"\/fo\/clenove\/dagmar-puchalkova\/\">Dagmar Puch\u00e1lkov\u00e1<\/a><\/li>\n<li><a href=\"\/fo\/clenove\/david-blaha\/\">David Bl\u00e1ha<\/a><\/li>\n<li><a href=\"\/fo\/clenove\/eduard-pasek\/\">Eduard Pa\u0161ek<\/a><\/li>\n<li><a href=\"\/fo\/clenove\/frantisek-havlicek\/\">Franti\u0161ek Havl\u00ed\u010dek<\/a><\/li>\n<li><a href=\"\/fo\/clenove\/iveta-mutinova\/\">Iveta Mutinov\u00e1<\/a><\/li>\n<li><a href=\"\/fo\/clenove\/jaroslav-celuch\/\">Jaroslav Celuch<\/a><\/li>\n<li><a href=\"https:\/\/www.fotoklubostrava.cz\/fo\/clenove\/jiri-vobecky\/\">Ji\u0159\u00ed Vobeck\u00fd<\/a><\/li>\n<li><a href=\"\/fo\/clenove\/karel-studnicka\/\">Karel Studni\u010dka<\/a><\/li>\n<li><a href=\"\/fo\/clenove\/martin-grygar\/\">Martin Grygar<\/a><\/li>\n<li><a href=\"\/fo\/clenove\/milan-vicha\/\">Milan V\u00edcha<\/a><\/li>\n<li><a href=\"\/fo\/clenove\/miroslav-pokorny\">Miroslav Pokorn\u00fd<\/a><\/li>\n<li><a href=\"\/fo\/clenove\/miroslav-umlauf\/\">Miroslav Umlauf<\/a><\/li>\n<li><a href=\"https:\/\/www.fotoklubostrava.cz\/fo\/clenove\/rostislav-simek\/\">Rostislav \u0160imek<\/a><\/li>\n<li><a href=\"\/fo\/clenove\/tomas-cichon\/\">Tom\u00e1\u0161 \u010cicho\u0148<\/a><\/li>\n<\/ul>","protected":false},"excerpt":{"rendered":"<p>Seznam \u010dlen\u016f Fotoklubu Ostrava. Dagmar Puch\u00e1lkov\u00e1 David Bl\u00e1ha Eduard Pa\u0161ek Franti\u0161ek Havl\u00ed\u010dek Iveta Mutinov\u00e1 Jaroslav Celuch Ji\u0159\u00ed Vobeck\u00fd Karel Studni\u010dka Martin Grygar Milan V\u00edcha Miroslav Pokorn\u00fd Miroslav Umlauf Rostislav \u0160imek Tom\u00e1\u0161 \u010cicho\u0148<\/p>\n","protected":false},"author":1,"featured_media":0,"parent":0,"menu_order":0,"comment_status":"closed","ping_status":"closed","template":"","meta":{"footnotes":""},"class_list":["post-18","page","type-page","status-publish","hentry"],"_links":{"self":[{"href":"https:\/\/www.fotoklubostrava.cz\/fo\/wp-json\/wp\/v2\/pages\/18","targetHints":{"allow":["GET"]}}],"collection":[{"href":"https:\/\/www.fotoklubostrava.cz\/fo\/wp-json\/wp\/v2\/pages"}],"about":[{"href":"https:\/\/www.fotoklubostrava.cz\/fo\/wp-json\/wp\/v2\/types\/page"}],"author":[{"embeddable":true,"href":"https:\/\/www.fotoklubostrava.cz\/fo\/wp-json\/wp\/v2\/users\/1"}],"replies":[{"embeddable":true,"href":"https:\/\/www.fotoklubostrava.cz\/fo\/wp-json\/wp\/v2\/comments?post=18"}],"version-history":[{"count":18,"href":"https:\/\/www.fotoklubostrava.cz\/fo\/wp-json\/wp\/v2\/pages\/18\/revisions"}],"predecessor-version":[{"id":1303,"href":"https:\/\/www.fotoklubostrava.cz\/fo\/wp-json\/wp\/v2\/pages\/18\/revisions\/1303"}],"wp:attachment":[{"href":"https:\/\/www.fotoklubostrava.cz\/fo\/wp-json\/wp\/v2\/media?parent=18"}],"curies":[{"name":"wp","href":"https:\/\/api.w.org\/{rel}","templated":true}]}}