{"id":14,"date":"2023-10-21T22:34:26","date_gmt":"2023-10-21T20:34:26","guid":{"rendered":"http:\/\/localhost\/fo\/?page_id=14"},"modified":"2023-12-03T21:25:40","modified_gmt":"2023-12-03T20:25:40","slug":"o-klubu","status":"publish","type":"page","link":"https:\/\/www.fotoklubostrava.cz\/fo\/o-klubu\/","title":{"rendered":"O Klubu"},"content":{"rendered":"\n<p>Fotoklub Ostrava v roce 2009<\/p>\n\n\n\n<figure class=\"wp-block-image size-full\"><img loading=\"lazy\" decoding=\"async\" width=\"600\" height=\"400\" src=\"https:\/\/www.fotoklubostrava.cz\/fo\/wp-content\/uploads\/2023\/10\/image.png\" alt=\"\" class=\"wp-image-15\" srcset=\"https:\/\/www.fotoklubostrava.cz\/fo\/wp-content\/uploads\/2023\/10\/image.png 600w, https:\/\/www.fotoklubostrava.cz\/fo\/wp-content\/uploads\/2023\/10\/image-300x200.png 300w\" sizes=\"auto, (max-width: 600px) 100vw, 600px\" \/><\/figure>\n\n\n\n<p>P\u00e1r slov o historii Fotoklubu Ostrava<\/p>\n\n\n\n<p>P\u00ed\u0161e se rok 1983 a v&nbsp;Dom\u011b kultury OKD v&nbsp;Ostrav\u011b Porub\u011b se poprv\u00e9 setk\u00e1vaj\u00ed z\u00e1jemci o roz\u0161\u00ed\u0159en\u00ed sv\u00fdch znalost\u00ed o fotografov\u00e1n\u00ed; otev\u00edr\u00e1 se dvoulet\u00e1 \u0160kola v\u00fdtvarn\u00e9 fotografie.<\/p>\n\n\n\n<p>Z&nbsp;mnoha \u00fa\u010dastn\u00edk\u016f \u0160koly v\u00fdtvarn\u00e9 fotografie se st\u00e1vaj\u00ed kamar\u00e1di, a po skon\u010den\u00ed maj\u00ed z\u00e1jem se nad\u00e1le setk\u00e1vat; to u\u017e je jen kr\u016f\u010dek k&nbsp;zalo\u017een\u00ed Fotoklubu p\u0159i Dom\u011b kultury OKD v&nbsp;\u0159\u00edjnu 1985. Ji\u017e v&nbsp;n\u00e1sleduj\u00edc\u00edm roce po\u0159\u00e1d\u00e1me 1. Setk\u00e1n\u00ed fotograf\u016f.&nbsp; Akce brzy z\u00edskala velkou oblibu; n\u00e1v\u0161t\u011bvnost, 600 a\u017e 800 lid\u00ed byla b\u011b\u017en\u00e1. Hostem ka\u017ed\u00e9ho byl v\u011bt\u0161inou n\u011bkter\u00fd celost\u00e1tn\u011b zn\u00e1m\u00fd fotograf. Je t\u011b\u017ek\u00e9 si vzpomenout na v\u0161echny, ani\u017e bychom na n\u011bkter\u00e9ho zapomn\u011bli. Nakonec jsme t\u011bch \u201eSetk\u00e1n\u00ed\u201c, v\u017edy na ja\u0159e a na podzim, uspo\u0159\u00e1dali 50. Ale v\u0161e jednou kon\u010d\u00ed\u2026<\/p>\n\n\n\n<p>V&nbsp;devades\u00e1t\u00fdch letech doch\u00e1z\u00ed k&nbsp;ukon\u010den\u00ed spolupr\u00e1ce s&nbsp;Domem kultury OKD a n\u00e1zev se m\u011bn\u00ed na Fotoklub Ostrava.<\/p>\n\n\n\n<p>P\u0159ich\u00e1z\u00ed nov\u00ed z\u00e1jemci, n\u011bkte\u0159\u00ed jen na kr\u00e1tko, jin\u00ed z\u016fst\u00e1vaj\u00ed, ale \u010dinnost fotoklubu neust\u00e1v\u00e1. Po celou existenci fotoklubu je hlavn\u00edm c\u00edlem fotografovat a n\u00e1sledn\u011b svou tvorbu p\u0159edstavit ve\u0159ejnosti na v\u00fdstav\u011b, a to se mysl\u00edm da\u0159\u00ed. Jako fotoklub, nebo jednotliv\u00ed \u010dlenov\u00e9 vystavujeme na r\u016fzn\u00fdch m\u00edstech nejen v regionu, ale po cel\u00e9 republice, i v&nbsp;zahrani\u010d\u00ed. Fotoklub se z\u00fa\u010dast\u0148uje tak\u00e9 r\u016fzn\u00fdch sout\u011b\u017e\u00ed, nap\u0159. bien\u00e1le Interfotoklub Vset\u00edn, kde jsme z\u00edskali dvakr\u00e1t Zlatou medaili; ocen\u011bni byli i n\u011bkte\u0159\u00ed \u010dlenov\u00e9 v jednotlivc\u00edch. Jsme dlouholet\u00ed \u00fa\u010dastn\u00edci \u201eMoravskoslezsk\u00e9ho mapov\u00e9ho okruhu\u201c, kdy vybran\u00e1 kolekce fotografi\u00ed putuje po jednotliv\u00fdch klubech, je hodnocena a na z\u00e1v\u011br je vyhl\u00e1\u0161en v\u00edt\u011bz za p\u0159\u00edtomnosti z\u00e1stupc\u016f v\u0161ech klub\u016f. Takov\u00e1 konfrontace s&nbsp;prac\u00ed druh\u00fdch je p\u0159\u00ednosem pro v\u0161echny z\u00fa\u010dastn\u011bn\u00e9. Krom\u011b toho spole\u010dn\u011b nav\u0161t\u011bvujeme fotografick\u00e9 v\u00fdstavy koleg\u016f; setk\u00e1v\u00e1me se s&nbsp;nimi i p\u0159i r\u016fzn\u00fdch p\u0159\u00edle\u017eitostech. Dlouhodob\u011b udr\u017eujeme kamar\u00e1dsk\u00e9 styky s&nbsp;Fotoklubem Znojmo. Ka\u017edoro\u010dn\u011b na ja\u0159e vyj\u00ed\u017ed\u00edme na spole\u010dn\u00fd v\u00edkend; se st\u0159\u00eddav\u00fdm po\u0159adatelstv\u00edm.<\/p>\n\n\n\n<p>Ji\u017e po n\u011bkolik\u00e1t\u00e9 vyd\u00e1v\u00e1me ke ka\u017ed\u00e9mu p\u011btilet\u00e9mu v\u00fdro\u010d\u00ed trv\u00e1n\u00ed fotoklubu \u201ealmanach\u201c s fotografiemi z&nbsp;tvorby jednotliv\u00fdch \u010dlen\u016f.<\/p>\n\n\n\n<p>V&nbsp;sou\u010dasnosti je ve Fotoklubu Ostrava, kter\u00fd je registrov\u00e1n jako \u201ezapsan\u00fd spolek\u201c, 14 \u010dlen\u016f; mnoho z&nbsp;nich ji\u017e od zalo\u017een\u00ed fotoklubu. Z&nbsp;toho je vid\u011bt, \u017ee z\u00e1jem o \u010dlenstv\u00ed je trval\u00fd, a p\u0159esto\u017ee to na takov\u00e9 m\u011bsto nen\u00ed mnoho, o to v\u00edce se zn\u00e1me.<\/p>\n\n\n\n<p>Mysl\u00edm, \u017ee lid\u00e9, kter\u00e9 spojuje spole\u010dn\u00fd z\u00e1jem maj\u00ed alespo\u0148 niternou pot\u0159ebu spojovat se do r\u016fzn\u00fdch \u201eklub\u016f\u201c, a nemus\u00ed to nutn\u011b b\u00fdt jen fotografick\u00fdch. \u010clenstv\u00ed p\u0159in\u00e1\u0161\u00ed v\u0161em mo\u017enost bezprost\u0159edn\u00edho kontaktu s&nbsp;lidmi \u201eposedl\u00fdmi\u201c stejn\u00fdm kon\u00ed\u010dkem, jen\u017e hraje v&nbsp;\u017eivot\u011b mnoh\u00fdch svou nezastupitelnou roli.<\/p>\n\n\n\n<p>Franti\u0161ek Havl\u00ed\u010dek,<\/p>\n\n\n\n<p>p\u0159edseda Fotoklubu Ostrava<\/p>\n\n\n\n<p>Prosinec 2023<\/p>\n","protected":false},"excerpt":{"rendered":"<p>Fotoklub Ostrava v roce 2009 P\u00e1r slov o historii Fotoklubu Ostrava P\u00ed\u0161e se rok 1983 a v&nbsp;Dom\u011b kultury OKD v&nbsp;Ostrav\u011b Porub\u011b se poprv\u00e9 setk\u00e1vaj\u00ed z\u00e1jemci o roz\u0161\u00ed\u0159en\u00ed sv\u00fdch znalost\u00ed o fotografov\u00e1n\u00ed; otev\u00edr\u00e1 se dvoulet\u00e1 \u0160kola v\u00fdtvarn\u00e9 fotografie. Z&nbsp;mnoha \u00fa\u010dastn\u00edk\u016f \u0160koly v\u00fdtvarn\u00e9 fotografie se st\u00e1vaj\u00ed kamar\u00e1di, a po skon\u010den\u00ed maj\u00ed z\u00e1jem se nad\u00e1le setk\u00e1vat; to u\u017e [&hellip;]<\/p>\n","protected":false},"author":1,"featured_media":0,"parent":0,"menu_order":0,"comment_status":"closed","ping_status":"closed","template":"","meta":{"footnotes":""},"class_list":["post-14","page","type-page","status-publish","hentry"],"_links":{"self":[{"href":"https:\/\/www.fotoklubostrava.cz\/fo\/wp-json\/wp\/v2\/pages\/14","targetHints":{"allow":["GET"]}}],"collection":[{"href":"https:\/\/www.fotoklubostrava.cz\/fo\/wp-json\/wp\/v2\/pages"}],"about":[{"href":"https:\/\/www.fotoklubostrava.cz\/fo\/wp-json\/wp\/v2\/types\/page"}],"author":[{"embeddable":true,"href":"https:\/\/www.fotoklubostrava.cz\/fo\/wp-json\/wp\/v2\/users\/1"}],"replies":[{"embeddable":true,"href":"https:\/\/www.fotoklubostrava.cz\/fo\/wp-json\/wp\/v2\/comments?post=14"}],"version-history":[{"count":2,"href":"https:\/\/www.fotoklubostrava.cz\/fo\/wp-json\/wp\/v2\/pages\/14\/revisions"}],"predecessor-version":[{"id":398,"href":"https:\/\/www.fotoklubostrava.cz\/fo\/wp-json\/wp\/v2\/pages\/14\/revisions\/398"}],"wp:attachment":[{"href":"https:\/\/www.fotoklubostrava.cz\/fo\/wp-json\/wp\/v2\/media?parent=14"}],"curies":[{"name":"wp","href":"https:\/\/api.w.org\/{rel}","templated":true}]}}