{"id":1250,"date":"2026-01-19T16:51:36","date_gmt":"2026-01-19T15:51:36","guid":{"rendered":"https:\/\/www.fotoklubostrava.cz\/fo\/?page_id=1250"},"modified":"2026-01-19T16:51:36","modified_gmt":"2026-01-19T15:51:36","slug":"rostislav-simek","status":"publish","type":"page","link":"https:\/\/www.fotoklubostrava.cz\/fo\/clenove\/rostislav-simek\/","title":{"rendered":"Rostislav \u0160imek"},"content":{"rendered":"\n<p>(zakl\u00e1daj\u00edc\u00ed \u010dlen fotoklubu)<\/p>\n\n\n\n<p>Hodnotu fotografi\u00ed si uv\u011bdom\u00edte obzvl\u00e1\u0161\u0165 tehdy, kdy\u017e o n\u011b p\u0159ijdete.<\/p>\n\n\n\n<p>Je jedno jestli v\u00e1m je vezme voda anebo v\u00e1m zkolabuje disk.<\/p>\n\n\n\n<p>P\u0159ich\u00e1z\u00edte o vzpom\u00ednky, o svoji minulost.<\/p>\n\n\n\n<p>P.S. Koncem \u0161edes\u00e1t\u00fdch let jsem za\u010d\u00ednal s bakelitov\u00fdm Pion\u00fdrem a te\u010f m\u00e1m v oblib\u011b iPhone 17 Pro Max.<\/p>\n\n\n\n<figure class=\"wp-block-gallery has-nested-images columns-2 is-cropped wp-block-gallery-1 is-layout-flex wp-block-gallery-is-layout-flex\">\n<figure class=\"wp-block-image size-large\"><img loading=\"lazy\" decoding=\"async\" width=\"777\" height=\"1024\" data-id=\"1266\" src=\"https:\/\/www.fotoklubostrava.cz\/fo\/wp-content\/uploads\/2026\/01\/12-777x1024.jpg\" alt=\"\" class=\"wp-image-1266\" srcset=\"https:\/\/www.fotoklubostrava.cz\/fo\/wp-content\/uploads\/2026\/01\/12-777x1024.jpg 777w, https:\/\/www.fotoklubostrava.cz\/fo\/wp-content\/uploads\/2026\/01\/12-228x300.jpg 228w, https:\/\/www.fotoklubostrava.cz\/fo\/wp-content\/uploads\/2026\/01\/12-768x1012.jpg 768w, https:\/\/www.fotoklubostrava.cz\/fo\/wp-content\/uploads\/2026\/01\/12-1166x1536.jpg 1166w, https:\/\/www.fotoklubostrava.cz\/fo\/wp-content\/uploads\/2026\/01\/12-1554x2048.jpg 1554w, https:\/\/www.fotoklubostrava.cz\/fo\/wp-content\/uploads\/2026\/01\/12.jpg 1772w\" sizes=\"auto, (max-width: 777px) 100vw, 777px\" \/><\/figure>\n\n\n\n<figure class=\"wp-block-image size-large\"><img loading=\"lazy\" decoding=\"async\" width=\"775\" height=\"1024\" data-id=\"1263\" src=\"https:\/\/www.fotoklubostrava.cz\/fo\/wp-content\/uploads\/2026\/01\/7-775x1024.jpg\" alt=\"\" class=\"wp-image-1263\" srcset=\"https:\/\/www.fotoklubostrava.cz\/fo\/wp-content\/uploads\/2026\/01\/7-775x1024.jpg 775w, https:\/\/www.fotoklubostrava.cz\/fo\/wp-content\/uploads\/2026\/01\/7-227x300.jpg 227w, https:\/\/www.fotoklubostrava.cz\/fo\/wp-content\/uploads\/2026\/01\/7-768x1015.jpg 768w, https:\/\/www.fotoklubostrava.cz\/fo\/wp-content\/uploads\/2026\/01\/7-1163x1536.jpg 1163w, https:\/\/www.fotoklubostrava.cz\/fo\/wp-content\/uploads\/2026\/01\/7-1550x2048.jpg 1550w, https:\/\/www.fotoklubostrava.cz\/fo\/wp-content\/uploads\/2026\/01\/7.jpg 1772w\" sizes=\"auto, (max-width: 775px) 100vw, 775px\" \/><\/figure>\n\n\n\n<figure class=\"wp-block-image size-large\"><img loading=\"lazy\" decoding=\"async\" width=\"685\" height=\"1024\" data-id=\"1259\" src=\"https:\/\/www.fotoklubostrava.cz\/fo\/wp-content\/uploads\/2026\/01\/7455_1-685x1024.jpg\" alt=\"\" class=\"wp-image-1259\" srcset=\"https:\/\/www.fotoklubostrava.cz\/fo\/wp-content\/uploads\/2026\/01\/7455_1-685x1024.jpg 685w, https:\/\/www.fotoklubostrava.cz\/fo\/wp-content\/uploads\/2026\/01\/7455_1-201x300.jpg 201w, https:\/\/www.fotoklubostrava.cz\/fo\/wp-content\/uploads\/2026\/01\/7455_1-768x1148.jpg 768w, https:\/\/www.fotoklubostrava.cz\/fo\/wp-content\/uploads\/2026\/01\/7455_1-1028x1536.jpg 1028w, https:\/\/www.fotoklubostrava.cz\/fo\/wp-content\/uploads\/2026\/01\/7455_1-1370x2048.jpg 1370w, https:\/\/www.fotoklubostrava.cz\/fo\/wp-content\/uploads\/2026\/01\/7455_1-scaled.jpg 1713w\" sizes=\"auto, (max-width: 685px) 100vw, 685px\" \/><\/figure>\n\n\n\n<figure class=\"wp-block-image size-large\"><img loading=\"lazy\" decoding=\"async\" width=\"717\" height=\"1024\" data-id=\"1252\" src=\"https:\/\/www.fotoklubostrava.cz\/fo\/wp-content\/uploads\/2026\/01\/A_05-717x1024.jpg\" alt=\"\" class=\"wp-image-1252\" srcset=\"https:\/\/www.fotoklubostrava.cz\/fo\/wp-content\/uploads\/2026\/01\/A_05-717x1024.jpg 717w, https:\/\/www.fotoklubostrava.cz\/fo\/wp-content\/uploads\/2026\/01\/A_05-210x300.jpg 210w, https:\/\/www.fotoklubostrava.cz\/fo\/wp-content\/uploads\/2026\/01\/A_05-768x1097.jpg 768w, https:\/\/www.fotoklubostrava.cz\/fo\/wp-content\/uploads\/2026\/01\/A_05-1075x1536.jpg 1075w, https:\/\/www.fotoklubostrava.cz\/fo\/wp-content\/uploads\/2026\/01\/A_05-1434x2048.jpg 1434w, https:\/\/www.fotoklubostrava.cz\/fo\/wp-content\/uploads\/2026\/01\/A_05.jpg 1772w\" sizes=\"auto, (max-width: 717px) 100vw, 717px\" \/><\/figure>\n\n\n\n<figure class=\"wp-block-image size-large\"><img loading=\"lazy\" decoding=\"async\" width=\"683\" height=\"1024\" data-id=\"1264\" src=\"https:\/\/www.fotoklubostrava.cz\/fo\/wp-content\/uploads\/2026\/01\/akt-683x1024.jpg\" alt=\"\" class=\"wp-image-1264\" srcset=\"https:\/\/www.fotoklubostrava.cz\/fo\/wp-content\/uploads\/2026\/01\/akt-683x1024.jpg 683w, https:\/\/www.fotoklubostrava.cz\/fo\/wp-content\/uploads\/2026\/01\/akt-200x300.jpg 200w, https:\/\/www.fotoklubostrava.cz\/fo\/wp-content\/uploads\/2026\/01\/akt-768x1152.jpg 768w, https:\/\/www.fotoklubostrava.cz\/fo\/wp-content\/uploads\/2026\/01\/akt-1024x1536.jpg 1024w, https:\/\/www.fotoklubostrava.cz\/fo\/wp-content\/uploads\/2026\/01\/akt-1365x2048.jpg 1365w, https:\/\/www.fotoklubostrava.cz\/fo\/wp-content\/uploads\/2026\/01\/akt-scaled.jpg 1707w\" sizes=\"auto, (max-width: 683px) 100vw, 683px\" \/><\/figure>\n\n\n\n<figure class=\"wp-block-image size-large\"><img loading=\"lazy\" decoding=\"async\" width=\"685\" height=\"1024\" data-id=\"1261\" src=\"https:\/\/www.fotoklubostrava.cz\/fo\/wp-content\/uploads\/2026\/01\/F5904-2-685x1024.jpg\" alt=\"\" class=\"wp-image-1261\" srcset=\"https:\/\/www.fotoklubostrava.cz\/fo\/wp-content\/uploads\/2026\/01\/F5904-2-685x1024.jpg 685w, https:\/\/www.fotoklubostrava.cz\/fo\/wp-content\/uploads\/2026\/01\/F5904-2-201x300.jpg 201w, https:\/\/www.fotoklubostrava.cz\/fo\/wp-content\/uploads\/2026\/01\/F5904-2-768x1148.jpg 768w, https:\/\/www.fotoklubostrava.cz\/fo\/wp-content\/uploads\/2026\/01\/F5904-2-1028x1536.jpg 1028w, https:\/\/www.fotoklubostrava.cz\/fo\/wp-content\/uploads\/2026\/01\/F5904-2-1370x2048.jpg 1370w, https:\/\/www.fotoklubostrava.cz\/fo\/wp-content\/uploads\/2026\/01\/F5904-2-scaled.jpg 1713w\" sizes=\"auto, (max-width: 685px) 100vw, 685px\" \/><\/figure>\n\n\n\n<figure class=\"wp-block-image size-large\"><img loading=\"lazy\" decoding=\"async\" width=\"1024\" height=\"683\" data-id=\"1260\" src=\"https:\/\/www.fotoklubostrava.cz\/fo\/wp-content\/uploads\/2026\/01\/IMG_4651a-1024x683.jpg\" alt=\"\" class=\"wp-image-1260\" srcset=\"https:\/\/www.fotoklubostrava.cz\/fo\/wp-content\/uploads\/2026\/01\/IMG_4651a-1024x683.jpg 1024w, https:\/\/www.fotoklubostrava.cz\/fo\/wp-content\/uploads\/2026\/01\/IMG_4651a-300x200.jpg 300w, https:\/\/www.fotoklubostrava.cz\/fo\/wp-content\/uploads\/2026\/01\/IMG_4651a-768x512.jpg 768w, https:\/\/www.fotoklubostrava.cz\/fo\/wp-content\/uploads\/2026\/01\/IMG_4651a-1536x1024.jpg 1536w, https:\/\/www.fotoklubostrava.cz\/fo\/wp-content\/uploads\/2026\/01\/IMG_4651a-2048x1365.jpg 2048w\" sizes=\"auto, (max-width: 1024px) 100vw, 1024px\" \/><\/figure>\n\n\n\n<figure class=\"wp-block-image size-large\"><img loading=\"lazy\" decoding=\"async\" width=\"648\" height=\"1024\" data-id=\"1253\" src=\"https:\/\/www.fotoklubostrava.cz\/fo\/wp-content\/uploads\/2026\/01\/IMG_6758a-648x1024.jpg\" alt=\"\" class=\"wp-image-1253\" srcset=\"https:\/\/www.fotoklubostrava.cz\/fo\/wp-content\/uploads\/2026\/01\/IMG_6758a-648x1024.jpg 648w, https:\/\/www.fotoklubostrava.cz\/fo\/wp-content\/uploads\/2026\/01\/IMG_6758a-190x300.jpg 190w, https:\/\/www.fotoklubostrava.cz\/fo\/wp-content\/uploads\/2026\/01\/IMG_6758a-768x1214.jpg 768w, https:\/\/www.fotoklubostrava.cz\/fo\/wp-content\/uploads\/2026\/01\/IMG_6758a-972x1536.jpg 972w, https:\/\/www.fotoklubostrava.cz\/fo\/wp-content\/uploads\/2026\/01\/IMG_6758a-1296x2048.jpg 1296w, https:\/\/www.fotoklubostrava.cz\/fo\/wp-content\/uploads\/2026\/01\/IMG_6758a-scaled.jpg 1620w\" sizes=\"auto, (max-width: 648px) 100vw, 648px\" \/><\/figure>\n\n\n\n<figure class=\"wp-block-image size-large\"><img loading=\"lazy\" decoding=\"async\" width=\"1024\" height=\"717\" data-id=\"1262\" src=\"https:\/\/www.fotoklubostrava.cz\/fo\/wp-content\/uploads\/2026\/01\/IMG_8062zrno-2-1024x717.jpg\" alt=\"\" class=\"wp-image-1262\" srcset=\"https:\/\/www.fotoklubostrava.cz\/fo\/wp-content\/uploads\/2026\/01\/IMG_8062zrno-2-1024x717.jpg 1024w, https:\/\/www.fotoklubostrava.cz\/fo\/wp-content\/uploads\/2026\/01\/IMG_8062zrno-2-300x210.jpg 300w, https:\/\/www.fotoklubostrava.cz\/fo\/wp-content\/uploads\/2026\/01\/IMG_8062zrno-2-768x538.jpg 768w, https:\/\/www.fotoklubostrava.cz\/fo\/wp-content\/uploads\/2026\/01\/IMG_8062zrno-2-1536x1075.jpg 1536w, https:\/\/www.fotoklubostrava.cz\/fo\/wp-content\/uploads\/2026\/01\/IMG_8062zrno-2-2048x1434.jpg 2048w\" sizes=\"auto, (max-width: 1024px) 100vw, 1024px\" \/><\/figure>\n\n\n\n<figure class=\"wp-block-image size-large\"><img loading=\"lazy\" decoding=\"async\" width=\"1024\" height=\"717\" data-id=\"1256\" src=\"https:\/\/www.fotoklubostrava.cz\/fo\/wp-content\/uploads\/2026\/01\/Migreny-3-1024x717.jpg\" alt=\"\" class=\"wp-image-1256\" srcset=\"https:\/\/www.fotoklubostrava.cz\/fo\/wp-content\/uploads\/2026\/01\/Migreny-3-1024x717.jpg 1024w, https:\/\/www.fotoklubostrava.cz\/fo\/wp-content\/uploads\/2026\/01\/Migreny-3-300x210.jpg 300w, https:\/\/www.fotoklubostrava.cz\/fo\/wp-content\/uploads\/2026\/01\/Migreny-3-768x537.jpg 768w, https:\/\/www.fotoklubostrava.cz\/fo\/wp-content\/uploads\/2026\/01\/Migreny-3-1536x1075.jpg 1536w, https:\/\/www.fotoklubostrava.cz\/fo\/wp-content\/uploads\/2026\/01\/Migreny-3-2048x1433.jpg 2048w\" sizes=\"auto, (max-width: 1024px) 100vw, 1024px\" \/><\/figure>\n\n\n\n<figure class=\"wp-block-image size-large\"><img loading=\"lazy\" decoding=\"async\" width=\"1024\" height=\"719\" data-id=\"1251\" src=\"https:\/\/www.fotoklubostrava.cz\/fo\/wp-content\/uploads\/2026\/01\/Migreny-4-1024x719.jpg\" alt=\"\" class=\"wp-image-1251\" srcset=\"https:\/\/www.fotoklubostrava.cz\/fo\/wp-content\/uploads\/2026\/01\/Migreny-4-1024x719.jpg 1024w, https:\/\/www.fotoklubostrava.cz\/fo\/wp-content\/uploads\/2026\/01\/Migreny-4-300x211.jpg 300w, https:\/\/www.fotoklubostrava.cz\/fo\/wp-content\/uploads\/2026\/01\/Migreny-4-768x539.jpg 768w, https:\/\/www.fotoklubostrava.cz\/fo\/wp-content\/uploads\/2026\/01\/Migreny-4-1536x1078.jpg 1536w, https:\/\/www.fotoklubostrava.cz\/fo\/wp-content\/uploads\/2026\/01\/Migreny-4-2048x1437.jpg 2048w\" sizes=\"auto, (max-width: 1024px) 100vw, 1024px\" \/><\/figure>\n\n\n\n<figure class=\"wp-block-image size-large\"><img loading=\"lazy\" decoding=\"async\" width=\"757\" height=\"1024\" data-id=\"1265\" src=\"https:\/\/www.fotoklubostrava.cz\/fo\/wp-content\/uploads\/2026\/01\/Nestesti-4-757x1024.jpg\" alt=\"\" class=\"wp-image-1265\" srcset=\"https:\/\/www.fotoklubostrava.cz\/fo\/wp-content\/uploads\/2026\/01\/Nestesti-4-757x1024.jpg 757w, https:\/\/www.fotoklubostrava.cz\/fo\/wp-content\/uploads\/2026\/01\/Nestesti-4-222x300.jpg 222w, https:\/\/www.fotoklubostrava.cz\/fo\/wp-content\/uploads\/2026\/01\/Nestesti-4-768x1039.jpg 768w, https:\/\/www.fotoklubostrava.cz\/fo\/wp-content\/uploads\/2026\/01\/Nestesti-4-1135x1536.jpg 1135w, https:\/\/www.fotoklubostrava.cz\/fo\/wp-content\/uploads\/2026\/01\/Nestesti-4-1513x2048.jpg 1513w, https:\/\/www.fotoklubostrava.cz\/fo\/wp-content\/uploads\/2026\/01\/Nestesti-4.jpg 1772w\" sizes=\"auto, (max-width: 757px) 100vw, 757px\" \/><\/figure>\n\n\n\n<figure class=\"wp-block-image size-large\"><img loading=\"lazy\" decoding=\"async\" width=\"717\" height=\"1024\" data-id=\"1255\" src=\"https:\/\/www.fotoklubostrava.cz\/fo\/wp-content\/uploads\/2026\/01\/posledni-717x1024.jpg\" alt=\"\" class=\"wp-image-1255\" srcset=\"https:\/\/www.fotoklubostrava.cz\/fo\/wp-content\/uploads\/2026\/01\/posledni-717x1024.jpg 717w, https:\/\/www.fotoklubostrava.cz\/fo\/wp-content\/uploads\/2026\/01\/posledni-210x300.jpg 210w, https:\/\/www.fotoklubostrava.cz\/fo\/wp-content\/uploads\/2026\/01\/posledni-768x1097.jpg 768w, https:\/\/www.fotoklubostrava.cz\/fo\/wp-content\/uploads\/2026\/01\/posledni-1075x1536.jpg 1075w, https:\/\/www.fotoklubostrava.cz\/fo\/wp-content\/uploads\/2026\/01\/posledni-1433x2048.jpg 1433w, https:\/\/www.fotoklubostrava.cz\/fo\/wp-content\/uploads\/2026\/01\/posledni.jpg 1772w\" sizes=\"auto, (max-width: 717px) 100vw, 717px\" \/><\/figure>\n\n\n\n<figure class=\"wp-block-image size-large\"><img loading=\"lazy\" decoding=\"async\" width=\"683\" height=\"1024\" data-id=\"1254\" src=\"https:\/\/www.fotoklubostrava.cz\/fo\/wp-content\/uploads\/2026\/01\/Secese-1-683x1024.jpg\" alt=\"\" class=\"wp-image-1254\" srcset=\"https:\/\/www.fotoklubostrava.cz\/fo\/wp-content\/uploads\/2026\/01\/Secese-1-683x1024.jpg 683w, https:\/\/www.fotoklubostrava.cz\/fo\/wp-content\/uploads\/2026\/01\/Secese-1-200x300.jpg 200w, https:\/\/www.fotoklubostrava.cz\/fo\/wp-content\/uploads\/2026\/01\/Secese-1-768x1152.jpg 768w, https:\/\/www.fotoklubostrava.cz\/fo\/wp-content\/uploads\/2026\/01\/Secese-1-1024x1536.jpg 1024w, https:\/\/www.fotoklubostrava.cz\/fo\/wp-content\/uploads\/2026\/01\/Secese-1-1365x2048.jpg 1365w, https:\/\/www.fotoklubostrava.cz\/fo\/wp-content\/uploads\/2026\/01\/Secese-1-scaled.jpg 1707w\" sizes=\"auto, (max-width: 683px) 100vw, 683px\" \/><\/figure>\n\n\n\n<figure class=\"wp-block-image size-large\"><img loading=\"lazy\" decoding=\"async\" width=\"683\" height=\"1024\" data-id=\"1257\" src=\"https:\/\/www.fotoklubostrava.cz\/fo\/wp-content\/uploads\/2026\/01\/Secese-3-683x1024.jpg\" alt=\"\" class=\"wp-image-1257\" srcset=\"https:\/\/www.fotoklubostrava.cz\/fo\/wp-content\/uploads\/2026\/01\/Secese-3-683x1024.jpg 683w, https:\/\/www.fotoklubostrava.cz\/fo\/wp-content\/uploads\/2026\/01\/Secese-3-200x300.jpg 200w, https:\/\/www.fotoklubostrava.cz\/fo\/wp-content\/uploads\/2026\/01\/Secese-3-768x1152.jpg 768w, https:\/\/www.fotoklubostrava.cz\/fo\/wp-content\/uploads\/2026\/01\/Secese-3-1024x1536.jpg 1024w, https:\/\/www.fotoklubostrava.cz\/fo\/wp-content\/uploads\/2026\/01\/Secese-3-1365x2048.jpg 1365w, https:\/\/www.fotoklubostrava.cz\/fo\/wp-content\/uploads\/2026\/01\/Secese-3-scaled.jpg 1707w\" sizes=\"auto, (max-width: 683px) 100vw, 683px\" \/><\/figure>\n\n\n\n<figure class=\"wp-block-image size-large\"><img loading=\"lazy\" decoding=\"async\" width=\"683\" height=\"1024\" data-id=\"1258\" src=\"https:\/\/www.fotoklubostrava.cz\/fo\/wp-content\/uploads\/2026\/01\/Secese-4-683x1024.jpg\" alt=\"\" class=\"wp-image-1258\" srcset=\"https:\/\/www.fotoklubostrava.cz\/fo\/wp-content\/uploads\/2026\/01\/Secese-4-683x1024.jpg 683w, https:\/\/www.fotoklubostrava.cz\/fo\/wp-content\/uploads\/2026\/01\/Secese-4-200x300.jpg 200w, https:\/\/www.fotoklubostrava.cz\/fo\/wp-content\/uploads\/2026\/01\/Secese-4-768x1152.jpg 768w, https:\/\/www.fotoklubostrava.cz\/fo\/wp-content\/uploads\/2026\/01\/Secese-4-1024x1536.jpg 1024w, https:\/\/www.fotoklubostrava.cz\/fo\/wp-content\/uploads\/2026\/01\/Secese-4-1365x2048.jpg 1365w, https:\/\/www.fotoklubostrava.cz\/fo\/wp-content\/uploads\/2026\/01\/Secese-4-scaled.jpg 1707w\" sizes=\"auto, (max-width: 683px) 100vw, 683px\" \/><\/figure>\n<\/figure>\n\n\n\n<p><\/p>\n","protected":false},"excerpt":{"rendered":"<p>(zakl\u00e1daj\u00edc\u00ed \u010dlen fotoklubu) Hodnotu fotografi\u00ed si uv\u011bdom\u00edte obzvl\u00e1\u0161\u0165 tehdy, kdy\u017e o n\u011b p\u0159ijdete. Je jedno jestli v\u00e1m je vezme voda anebo v\u00e1m zkolabuje disk. P\u0159ich\u00e1z\u00edte o vzpom\u00ednky, o svoji minulost. P.S. Koncem \u0161edes\u00e1t\u00fdch let jsem za\u010d\u00ednal s bakelitov\u00fdm Pion\u00fdrem a te\u010f m\u00e1m v oblib\u011b iPhone 17 Pro Max.<\/p>\n","protected":false},"author":1,"featured_media":0,"parent":18,"menu_order":0,"comment_status":"closed","ping_status":"closed","template":"","meta":{"footnotes":""},"class_list":["post-1250","page","type-page","status-publish","hentry"],"_links":{"self":[{"href":"https:\/\/www.fotoklubostrava.cz\/fo\/wp-json\/wp\/v2\/pages\/1250","targetHints":{"allow":["GET"]}}],"collection":[{"href":"https:\/\/www.fotoklubostrava.cz\/fo\/wp-json\/wp\/v2\/pages"}],"about":[{"href":"https:\/\/www.fotoklubostrava.cz\/fo\/wp-json\/wp\/v2\/types\/page"}],"author":[{"embeddable":true,"href":"https:\/\/www.fotoklubostrava.cz\/fo\/wp-json\/wp\/v2\/users\/1"}],"replies":[{"embeddable":true,"href":"https:\/\/www.fotoklubostrava.cz\/fo\/wp-json\/wp\/v2\/comments?post=1250"}],"version-history":[{"count":1,"href":"https:\/\/www.fotoklubostrava.cz\/fo\/wp-json\/wp\/v2\/pages\/1250\/revisions"}],"predecessor-version":[{"id":1267,"href":"https:\/\/www.fotoklubostrava.cz\/fo\/wp-json\/wp\/v2\/pages\/1250\/revisions\/1267"}],"up":[{"embeddable":true,"href":"https:\/\/www.fotoklubostrava.cz\/fo\/wp-json\/wp\/v2\/pages\/18"}],"wp:attachment":[{"href":"https:\/\/www.fotoklubostrava.cz\/fo\/wp-json\/wp\/v2\/media?parent=1250"}],"curies":[{"name":"wp","href":"https:\/\/api.w.org\/{rel}","templated":true}]}}