{"id":1244,"date":"2026-01-19T16:39:29","date_gmt":"2026-01-19T15:39:29","guid":{"rendered":"https:\/\/www.fotoklubostrava.cz\/fo\/?page_id=1244"},"modified":"2026-01-19T16:39:29","modified_gmt":"2026-01-19T15:39:29","slug":"pf-clenu","status":"publish","type":"page","link":"https:\/\/www.fotoklubostrava.cz\/fo\/pf-clenu\/","title":{"rendered":"PF \u010dlen\u016f"},"content":{"rendered":"\n<p>Bylo n\u00e1m l\u00edto si PF vym\u011bnit a prohl\u00e9dnout v\u017edy jen na p\u00e1r dn\u016f v roce a pak na n\u011b zapomenout, dokud je dal\u0161\u00ed rok nenahrad\u00ed PF nov\u00e1. Rozhodli jsme se proto, \u017ee se o sv\u00e1 PF pod\u011bl\u00edme s v\u00e1mi zde na webu a to i za p\u0159edchoz\u00ed l\u00e9ta. N\u00ed\u017ee si tedy m\u016f\u017eete prohl\u00e9dnout PF \u010dlen\u016f fotoklubu v jednotliv\u00fdch letech.<\/p>\n\n\n\n<p><a href=\"https:\/\/www.fotoklubostrava.cz\/fo\/2026\/01\/19\/pf2026\/\" data-type=\"post\" data-id=\"1234\">PF 2026<\/a><\/p>\n\n\n\n<p><a href=\"https:\/\/www.fotoklubostrava.cz\/fo\/2025\/02\/24\/pf2025\/\" data-type=\"post\" data-id=\"772\">PF 2025<\/a><\/p>\n\n\n\n<p><a href=\"https:\/\/www.fotoklubostrava.cz\/fo\/2024\/01\/18\/pf2024\/\" data-type=\"post\" data-id=\"455\">PF 2024<\/a><\/p>\n","protected":false},"excerpt":{"rendered":"<p>Bylo n\u00e1m l\u00edto si PF vym\u011bnit a prohl\u00e9dnout v\u017edy jen na p\u00e1r dn\u016f v roce a pak na n\u011b zapomenout, dokud je dal\u0161\u00ed rok nenahrad\u00ed PF nov\u00e1. Rozhodli jsme se proto, \u017ee se o sv\u00e1 PF pod\u011bl\u00edme s v\u00e1mi zde na webu a to i za p\u0159edchoz\u00ed l\u00e9ta. N\u00ed\u017ee si tedy m\u016f\u017eete prohl\u00e9dnout PF \u010dlen\u016f [&hellip;]<\/p>\n","protected":false},"author":1,"featured_media":0,"parent":0,"menu_order":0,"comment_status":"closed","ping_status":"closed","template":"","meta":{"footnotes":""},"class_list":["post-1244","page","type-page","status-publish","hentry"],"_links":{"self":[{"href":"https:\/\/www.fotoklubostrava.cz\/fo\/wp-json\/wp\/v2\/pages\/1244","targetHints":{"allow":["GET"]}}],"collection":[{"href":"https:\/\/www.fotoklubostrava.cz\/fo\/wp-json\/wp\/v2\/pages"}],"about":[{"href":"https:\/\/www.fotoklubostrava.cz\/fo\/wp-json\/wp\/v2\/types\/page"}],"author":[{"embeddable":true,"href":"https:\/\/www.fotoklubostrava.cz\/fo\/wp-json\/wp\/v2\/users\/1"}],"replies":[{"embeddable":true,"href":"https:\/\/www.fotoklubostrava.cz\/fo\/wp-json\/wp\/v2\/comments?post=1244"}],"version-history":[{"count":1,"href":"https:\/\/www.fotoklubostrava.cz\/fo\/wp-json\/wp\/v2\/pages\/1244\/revisions"}],"predecessor-version":[{"id":1245,"href":"https:\/\/www.fotoklubostrava.cz\/fo\/wp-json\/wp\/v2\/pages\/1244\/revisions\/1245"}],"wp:attachment":[{"href":"https:\/\/www.fotoklubostrava.cz\/fo\/wp-json\/wp\/v2\/media?parent=1244"}],"curies":[{"name":"wp","href":"https:\/\/api.w.org\/{rel}","templated":true}]}}