{"id":1120,"date":"2025-11-09T14:11:55","date_gmt":"2025-11-09T13:11:55","guid":{"rendered":"https:\/\/www.fotoklubostrava.cz\/fo\/?page_id=1120"},"modified":"2025-11-29T11:43:48","modified_gmt":"2025-11-29T10:43:48","slug":"miroslav-umlauf","status":"publish","type":"page","link":"https:\/\/www.fotoklubostrava.cz\/fo\/clenove\/miroslav-umlauf\/","title":{"rendered":"Miroslav Umlauf"},"content":{"rendered":"\n<p>Nar. 1958<\/p>\n\n\n\n<p>U\u017e od ml\u00e1d\u00ed jsem obdivoval fotografie, kter\u00e9 jsem v\u00eddal v r\u016fzn\u00fdch \u010dasopisech a knih\u00e1ch. Prvn\u00ed m\u016fj fotoapar\u00e1t, ke kter\u00e9mu jsem se dostal byl &#8222;Pion\u00fdr&#8220; plastov\u00fd jednoduch\u00fd p\u0159\u00edstroj. V\u00e1\u017en\u011bji jsem se k fotografii vr\u00e1til a\u017e po vojensk\u00e9 slu\u017eb\u011b, kdy jsem si koupil prvn\u00ed zrcadlovku Zenit se dv\u011bma objektivy. Shodou okolnost\u00ed jsem tehdy potkal spolu\u017e\u00e1ka ze st\u0159edn\u00ed \u0161koly, a ten mi \u0159ekl o \u0160kole fotografie p\u0159i DK OKD a zda bych necht\u011bl j\u00edt s n\u00edm to zkusit. Tak za\u010dal m\u016fj v\u00e1\u017en\u00fd vztah s fotografi\u00ed, kter\u00e1 se mi pak stala i povol\u00e1n\u00edm. B\u011bhem \u0161koly fotografie jsem se velmi skamar\u00e1dil s Franti\u0161kem \u0158ezn\u00ed\u010dkem, kter\u00fd \u0161kolu vedl a s n\u011bkolika dal\u0161\u00edmi \u00fa\u010dastn\u00edky. Pozd\u011bji po dohod\u011b s DK OKD jsme se rozhodli zalo\u017eit fotoklub.<br>Fotografie je od t\u00e9 doby m\u00fdm kon\u00ed\u010dkem, a o dva roky pozd\u011bji se mi stala i povol\u00e1n\u00edm. V letech 1985 &#8211; 1992 jsem pracoval jako vedouc\u00ed fotografick\u00e9ho odd\u011blen\u00ed ve spole\u010dnosti V\u00edtkovice (tehdy V\u017dKG) a od roku 1992 jako fotograf na voln\u00e9 noze. Do fotoklubu jsem se vr\u00e1til v roce 2025 po 19 letech i kdy\u017e jsem se ob\u010das z\u00fa\u010dast\u0148oval akc\u00ed fotoklubu cel\u00fdch 40 let.<\/p>\n\n\n\n<figure class=\"wp-block-gallery has-nested-images columns-2 is-cropped wp-block-gallery-1 is-layout-flex wp-block-gallery-is-layout-flex\">\n<figure class=\"wp-block-image size-large\"><img loading=\"lazy\" decoding=\"async\" width=\"998\" height=\"1024\" data-id=\"1131\" src=\"https:\/\/www.fotoklubostrava.cz\/fo\/wp-content\/uploads\/2025\/11\/6815FDC4-D0C9-484E-B66A-BE8AF6797C5D-998x1024.jpg\" alt=\"\" class=\"wp-image-1131\" srcset=\"https:\/\/www.fotoklubostrava.cz\/fo\/wp-content\/uploads\/2025\/11\/6815FDC4-D0C9-484E-B66A-BE8AF6797C5D-998x1024.jpg 998w, https:\/\/www.fotoklubostrava.cz\/fo\/wp-content\/uploads\/2025\/11\/6815FDC4-D0C9-484E-B66A-BE8AF6797C5D-293x300.jpg 293w, https:\/\/www.fotoklubostrava.cz\/fo\/wp-content\/uploads\/2025\/11\/6815FDC4-D0C9-484E-B66A-BE8AF6797C5D-768x788.jpg 768w, https:\/\/www.fotoklubostrava.cz\/fo\/wp-content\/uploads\/2025\/11\/6815FDC4-D0C9-484E-B66A-BE8AF6797C5D.jpg 1170w\" sizes=\"auto, (max-width: 998px) 100vw, 998px\" \/><\/figure>\n\n\n\n<figure class=\"wp-block-image size-large\"><img loading=\"lazy\" decoding=\"async\" width=\"1024\" height=\"1024\" data-id=\"1132\" src=\"https:\/\/www.fotoklubostrava.cz\/fo\/wp-content\/uploads\/2025\/11\/DF676914-66DD-41D7-AE14-43C6E16EEA6F-1024x1024.jpg\" alt=\"\" class=\"wp-image-1132\" srcset=\"https:\/\/www.fotoklubostrava.cz\/fo\/wp-content\/uploads\/2025\/11\/DF676914-66DD-41D7-AE14-43C6E16EEA6F-1024x1024.jpg 1024w, https:\/\/www.fotoklubostrava.cz\/fo\/wp-content\/uploads\/2025\/11\/DF676914-66DD-41D7-AE14-43C6E16EEA6F-300x300.jpg 300w, https:\/\/www.fotoklubostrava.cz\/fo\/wp-content\/uploads\/2025\/11\/DF676914-66DD-41D7-AE14-43C6E16EEA6F-150x150.jpg 150w, https:\/\/www.fotoklubostrava.cz\/fo\/wp-content\/uploads\/2025\/11\/DF676914-66DD-41D7-AE14-43C6E16EEA6F-768x768.jpg 768w, https:\/\/www.fotoklubostrava.cz\/fo\/wp-content\/uploads\/2025\/11\/DF676914-66DD-41D7-AE14-43C6E16EEA6F.jpg 1200w\" sizes=\"auto, (max-width: 1024px) 100vw, 1024px\" \/><\/figure>\n\n\n\n<figure class=\"wp-block-image size-large\"><img loading=\"lazy\" decoding=\"async\" width=\"1024\" height=\"771\" data-id=\"1139\" src=\"https:\/\/www.fotoklubostrava.cz\/fo\/wp-content\/uploads\/2025\/11\/IMG_0020-2-1024x771.jpg\" alt=\"\" class=\"wp-image-1139\" srcset=\"https:\/\/www.fotoklubostrava.cz\/fo\/wp-content\/uploads\/2025\/11\/IMG_0020-2-1024x771.jpg 1024w, https:\/\/www.fotoklubostrava.cz\/fo\/wp-content\/uploads\/2025\/11\/IMG_0020-2-300x226.jpg 300w, https:\/\/www.fotoklubostrava.cz\/fo\/wp-content\/uploads\/2025\/11\/IMG_0020-2-768x578.jpg 768w, https:\/\/www.fotoklubostrava.cz\/fo\/wp-content\/uploads\/2025\/11\/IMG_0020-2.jpg 1200w\" sizes=\"auto, (max-width: 1024px) 100vw, 1024px\" \/><\/figure>\n\n\n\n<figure class=\"wp-block-image size-large\"><img loading=\"lazy\" decoding=\"async\" width=\"768\" height=\"1024\" data-id=\"1133\" src=\"https:\/\/www.fotoklubostrava.cz\/fo\/wp-content\/uploads\/2025\/11\/IMG_9481-768x1024.jpg\" alt=\"\" class=\"wp-image-1133\" srcset=\"https:\/\/www.fotoklubostrava.cz\/fo\/wp-content\/uploads\/2025\/11\/IMG_9481-768x1024.jpg 768w, https:\/\/www.fotoklubostrava.cz\/fo\/wp-content\/uploads\/2025\/11\/IMG_9481-225x300.jpg 225w, https:\/\/www.fotoklubostrava.cz\/fo\/wp-content\/uploads\/2025\/11\/IMG_9481.jpg 900w\" sizes=\"auto, (max-width: 768px) 100vw, 768px\" \/><\/figure>\n<\/figure>\n","protected":false},"excerpt":{"rendered":"<p>Nar. 1958 U\u017e od ml\u00e1d\u00ed jsem obdivoval fotografie, kter\u00e9 jsem v\u00eddal v r\u016fzn\u00fdch \u010dasopisech a knih\u00e1ch. Prvn\u00ed m\u016fj fotoapar\u00e1t, ke kter\u00e9mu jsem se dostal byl &#8222;Pion\u00fdr&#8220; plastov\u00fd jednoduch\u00fd p\u0159\u00edstroj. V\u00e1\u017en\u011bji jsem se k fotografii vr\u00e1til a\u017e po vojensk\u00e9 slu\u017eb\u011b, kdy jsem si koupil prvn\u00ed zrcadlovku Zenit se dv\u011bma objektivy. Shodou okolnost\u00ed jsem tehdy potkal spolu\u017e\u00e1ka [&hellip;]<\/p>\n","protected":false},"author":1,"featured_media":0,"parent":18,"menu_order":0,"comment_status":"closed","ping_status":"closed","template":"","meta":{"footnotes":""},"class_list":["post-1120","page","type-page","status-publish","hentry"],"_links":{"self":[{"href":"https:\/\/www.fotoklubostrava.cz\/fo\/wp-json\/wp\/v2\/pages\/1120","targetHints":{"allow":["GET"]}}],"collection":[{"href":"https:\/\/www.fotoklubostrava.cz\/fo\/wp-json\/wp\/v2\/pages"}],"about":[{"href":"https:\/\/www.fotoklubostrava.cz\/fo\/wp-json\/wp\/v2\/types\/page"}],"author":[{"embeddable":true,"href":"https:\/\/www.fotoklubostrava.cz\/fo\/wp-json\/wp\/v2\/users\/1"}],"replies":[{"embeddable":true,"href":"https:\/\/www.fotoklubostrava.cz\/fo\/wp-json\/wp\/v2\/comments?post=1120"}],"version-history":[{"count":4,"href":"https:\/\/www.fotoklubostrava.cz\/fo\/wp-json\/wp\/v2\/pages\/1120\/revisions"}],"predecessor-version":[{"id":1140,"href":"https:\/\/www.fotoklubostrava.cz\/fo\/wp-json\/wp\/v2\/pages\/1120\/revisions\/1140"}],"up":[{"embeddable":true,"href":"https:\/\/www.fotoklubostrava.cz\/fo\/wp-json\/wp\/v2\/pages\/18"}],"wp:attachment":[{"href":"https:\/\/www.fotoklubostrava.cz\/fo\/wp-json\/wp\/v2\/media?parent=1120"}],"curies":[{"name":"wp","href":"https:\/\/api.w.org\/{rel}","templated":true}]}}